{"id":77,"date":"2018-04-27T08:40:50","date_gmt":"2018-04-27T06:40:50","guid":{"rendered":"http:\/\/sibam89.fr\/?page_id=77"},"modified":"2018-06-14T17:45:09","modified_gmt":"2018-06-14T15:45:09","slug":"thermoregulateurs","status":"publish","type":"page","link":"https:\/\/sibam89.fr\/?page_id=77","title":{"rendered":"THERMOREGULATEUR"},"content":{"rendered":"<div class=\"flex_column av_one_third  flex_column_div av-zero-column-padding first  \" style='border-radius:0px; '><div  data-size='no scaling'  data-lightbox_size='large'  data-animation='fade'  data-ids='883,884'  data-video_counter='0'  data-autoplay='true'  data-bg_slider='false'  data-slide_height=''  data-handle='av_slideshow'  data-interval='3'  data-class=' '  data-css_id=''  data-scroll_down=''  data-control_layout='av-control-default'  data-custom_markup=''  data-perma_caption=''  data-autoplay_stopper=''  data-image_attachment=''  data-min_height='0px'  class='avia-slideshow avia-slideshow-1  av-control-default av-default-height-applied avia-slideshow-no scaling av_slideshow   avia-fade-slider '  itemprop=\"ImageObject\" itemscope=\"itemscope\" itemtype=\"https:\/\/schema.org\/ImageObject\" ><ul class='avia-slideshow-inner' style='padding-bottom: 100%;'><li  class=' slide-1 ' ><div data-rel='slideshow-1' class='avia-slide-wrap'  ><img src='https:\/\/sibam89.fr\/wp-content\/uploads\/2018\/05\/7-Thermoregulateur-1.jpg' width='800' height='800' title='7-Thermoregulateur-1' alt=''  itemprop=\"thumbnailUrl\"   \/><\/div><\/li><li  class=' slide-2 ' ><div data-rel='slideshow-1' class='avia-slide-wrap'  ><img src='https:\/\/sibam89.fr\/wp-content\/uploads\/2018\/05\/8-thermoregulateur-2-1.jpg' width='800' height='800' title='8-thermoregulateur-2' alt=''  itemprop=\"thumbnailUrl\"   \/><\/div><\/li><\/ul><div class='avia-slideshow-arrows avia-slideshow-controls'><a href='#prev' class='prev-slide' aria-hidden='true' data-av_icon='\ue87c' data-av_iconfont='entypo-fontello'>Pr\u00e9c\u00e9dent<\/a><a href='#next' class='next-slide' aria-hidden='true' data-av_icon='\ue87d' data-av_iconfont='entypo-fontello'>Suivant<\/a><\/div><div class='avia-slideshow-dots avia-slideshow-controls'><a href='#1' class='goto-slide active' >1<\/a><a href='#2' class='goto-slide ' >2<\/a><\/div><\/div><\/div>\n<div class=\"flex_column av_one_third  flex_column_div av-zero-column-padding   \" style='border-radius:0px; '><section class=\"av_textblock_section \"  itemscope=\"itemscope\" itemtype=\"https:\/\/schema.org\/CreativeWork\" ><div class='avia_textblock  '   itemprop=\"text\" ><h1><span style=\"font-size: 18pt; color: #005db4;\"><strong><span style=\"font-family: arial, helvetica, sans-serif;\">Thermor\u00e9gulateur \u00e9lectrique<br \/><\/span><\/strong><\/span><\/h1>\n<\/div><\/section><br \/>\n<div style=' margin-top:0px; margin-bottom:20px;'  class='hr hr-custom hr-left hr-icon-no  '><span class='hr-inner   inner-border-av-border-fat' style=' width:150px; border-color:#005db4;' ><span class='hr-inner-style'><\/span><\/span><\/div><br \/>\n<section class=\"av_textblock_section \"  itemscope=\"itemscope\" itemtype=\"https:\/\/schema.org\/CreativeWork\" ><div class='avia_textblock  '   itemprop=\"text\" ><p style=\"text-align: justify;\"><span style=\"font-family: arial, helvetica, sans-serif; font-size: 13pt;\">Nous sommes en capacit\u00e9 de vous concevoir et fabriquer sur mesure vos thermor\u00e9gulateurs r\u00e9pondants exactement \u00e0 vos cahiers des charges (d\u00e9bit, pression, puissances et temp\u00e9ratures de chauffage et refroidissement, r\u00e9gulation&#8230; ) dans la limite de 18kw de puissance thermique \u00e9lectrique.<\/span><\/p>\n<\/div><\/section><\/p><\/div><div class=\"flex_column av_one_third  flex_column_div av-zero-column-padding   \" style='border-radius:0px; '><section class=\"av_textblock_section \"  itemscope=\"itemscope\" itemtype=\"https:\/\/schema.org\/CreativeWork\" ><div class='avia_textblock  '   itemprop=\"text\" ><h1><span style=\"font-size: 18pt; color: #005db4;\"><strong><span style=\"font-family: arial, helvetica, sans-serif;\">Thermor\u00e9gulateur \u00e0 \u00e9changeur<br \/><\/span><\/strong><\/span><\/h1>\n<\/div><\/section><br \/>\n<div style=' margin-top:0px; margin-bottom:20px;'  class='hr hr-custom hr-left hr-icon-no  '><span class='hr-inner   inner-border-av-border-fat' style=' width:150px; border-color:#005db4;' ><span class='hr-inner-style'><\/span><\/span><\/div><br \/>\n<section class=\"av_textblock_section \"  itemscope=\"itemscope\" itemtype=\"https:\/\/schema.org\/CreativeWork\" ><div class='avia_textblock  '   itemprop=\"text\" ><p style=\"text-align: justify;\"><span style=\"font-family: arial, helvetica, sans-serif; font-size: 13pt;\">Nous pouvons \u00e9galement vous concevoir, suivant votre source d&rsquo;\u00e9nergie thermique (fluide thermique, eau, vapeur), des thermor\u00e9gulateurs de la puissance que vous souhaitez.<\/span><\/p>\n<\/div><\/section><\/p><\/div><\/p>\n","protected":false},"excerpt":{"rendered":"","protected":false},"author":1,"featured_media":0,"parent":28,"menu_order":0,"comment_status":"closed","ping_status":"closed","template":"","meta":{"footnotes":""},"class_list":["post-77","page","type-page","status-publish","hentry"],"_links":{"self":[{"href":"https:\/\/sibam89.fr\/index.php?rest_route=\/wp\/v2\/pages\/77","targetHints":{"allow":["GET"]}}],"collection":[{"href":"https:\/\/sibam89.fr\/index.php?rest_route=\/wp\/v2\/pages"}],"about":[{"href":"https:\/\/sibam89.fr\/index.php?rest_route=\/wp\/v2\/types\/page"}],"author":[{"embeddable":true,"href":"https:\/\/sibam89.fr\/index.php?rest_route=\/wp\/v2\/users\/1"}],"replies":[{"embeddable":true,"href":"https:\/\/sibam89.fr\/index.php?rest_route=%2Fwp%2Fv2%2Fcomments&post=77"}],"version-history":[{"count":7,"href":"https:\/\/sibam89.fr\/index.php?rest_route=\/wp\/v2\/pages\/77\/revisions"}],"predecessor-version":[{"id":1157,"href":"https:\/\/sibam89.fr\/index.php?rest_route=\/wp\/v2\/pages\/77\/revisions\/1157"}],"up":[{"embeddable":true,"href":"https:\/\/sibam89.fr\/index.php?rest_route=\/wp\/v2\/pages\/28"}],"wp:attachment":[{"href":"https:\/\/sibam89.fr\/index.php?rest_route=%2Fwp%2Fv2%2Fmedia&parent=77"}],"curies":[{"name":"wp","href":"https:\/\/api.w.org\/{rel}","templated":true}]}}