{"id":50,"date":"2018-04-27T08:24:27","date_gmt":"2018-04-27T06:24:27","guid":{"rendered":"http:\/\/sibam89.fr\/?page_id=50"},"modified":"2018-06-13T10:46:11","modified_gmt":"2018-06-13T08:46:11","slug":"pneumatique","status":"publish","type":"page","link":"https:\/\/sibam89.fr\/?page_id=50","title":{"rendered":"PNEUMATIQUE"},"content":{"rendered":"<div class=\"flex_column av_one_half  flex_column_div av-zero-column-padding first  \" style='border-radius:0px; '><section class=\"av_textblock_section \"  itemscope=\"itemscope\" itemtype=\"https:\/\/schema.org\/CreativeWork\" ><div class='avia_textblock  '   itemprop=\"text\" ><h1><strong><span style=\"font-family: arial, helvetica, sans-serif; font-size: 18pt; color: #005db4;\">Traitement de l&rsquo;air comprim\u00e9<br \/>\n<\/span><\/strong><\/h1>\n<\/div><\/section><br \/>\n<div style=' margin-top:0px; margin-bottom:20px;'  class='hr hr-custom hr-left hr-icon-no  '><span class='hr-inner   inner-border-av-border-fat' style=' width:150px; border-color:#005db4;' ><span class='hr-inner-style'><\/span><\/span><\/div><br \/>\n<section class=\"av_textblock_section \"  itemscope=\"itemscope\" itemtype=\"https:\/\/schema.org\/CreativeWork\" ><div class='avia_textblock  '   itemprop=\"text\" ><p style=\"text-align: justify;\"><span style=\"font-family: arial, helvetica, sans-serif; font-size: 13pt;\">BEKO TECHNOLOGIES d\u00e9veloppe, fabrique et distribue dans le monde entier des produits et des syst\u00e8mes permettant d&rsquo;atteindre une qualit\u00e9 d&rsquo;air comprim\u00e9 optimis\u00e9e au maximum.<\/span><\/p>\n<p style=\"text-align: justify;\"><span style=\"font-family: arial, helvetica, sans-serif; font-size: 13pt;\">Un programme complet permet \u00e0 la soci\u00e9t\u00e9 de maintenir l\u2019air comprim\u00e9 \u00e0 son \u00ab\u00a0meilleur niveau\u00a0\u00bb.<\/span><\/p>\n<p style=\"text-align: justify;\"><span style=\"font-family: arial, helvetica, sans-serif; font-size: 13pt;\">Depuis plus de trois d\u00e9cennies, BEKO\u00a0 TECHNOLOGIES est fabricant sp\u00e9cialis\u00e9 dans les solutions d&rsquo;air comprim\u00e9, les technologies des condensats et l&rsquo;instrumentation.<\/span><\/p>\n<p style=\"text-align: justify;\"><span style=\"font-family: arial, helvetica, sans-serif; font-size: 13pt;\">Aujourd\u2019hui, nous proposons un programme complet pour toutes les applications li\u00e9es au traitement de l\u2019air comprim\u00e9.<\/span><\/p>\n<p style=\"text-align: justify;\"><span style=\"font-family: arial, helvetica, sans-serif; font-size: 13pt;\">Les conseils d\u2019experts et les services hautement qualifi\u00e9s sont la marque de fabrique de la soci\u00e9t\u00e9 familiale ind\u00e9pendante.<\/span><\/p>\n<\/div><\/section><\/p><\/div>\n<div class=\"flex_column av_one_half  flex_column_div av-zero-column-padding   \" style='border-radius:0px; '><section class=\"av_textblock_section \"  itemscope=\"itemscope\" itemtype=\"https:\/\/schema.org\/CreativeWork\" ><div class='avia_textblock  '   itemprop=\"text\" ><h1><strong><span style=\"font-family: arial, helvetica, sans-serif; font-size: 18pt; color: #005db4;\">Utilisation de l&rsquo;air comprim\u00e9<br \/>\n<\/span><\/strong><\/h1>\n<\/div><\/section><br \/>\n<div style=' margin-top:0px; margin-bottom:20px;'  class='hr hr-custom hr-left hr-icon-no  '><span class='hr-inner   inner-border-av-border-fat' style=' width:150px; border-color:#005db4;' ><span class='hr-inner-style'><\/span><\/span><\/div><br \/>\n<section class=\"av_textblock_section \"  itemscope=\"itemscope\" itemtype=\"https:\/\/schema.org\/CreativeWork\" ><div class='avia_textblock  '   itemprop=\"text\" ><p style=\"text-align: justify;\"><span style=\"font-family: arial, helvetica, sans-serif; font-size: 13pt;\">La mission de CAMOZZI FRANCE<\/span><\/p>\n<p style=\"text-align: justify;\"><span style=\"font-family: arial, helvetica, sans-serif; font-size: 13pt;\">Gr\u00e2ce \u00e0 notre savoir faire dans le domaine du composant et du raccord pneumatique, nous r\u00e9pondons \u00e0 vos besoins.<\/span><\/p>\n<p style=\"text-align: justify;\"><span style=\"font-family: arial, helvetica, sans-serif; font-size: 13pt;\">Cr\u00e9\u00e9e en 1992, CAMOZZI France fait partie du GROUPE CAMOZZI implant\u00e9 dans 19 pays et repr\u00e9sent\u00e9 dans plus de 50 autres.<\/span><\/p>\n<p style=\"text-align: justify;\"><span style=\"font-family: arial, helvetica, sans-serif; font-size: 13pt;\">Notre soci\u00e9t\u00e9, situ\u00e9e sur l&rsquo;Est lyonnais, nous place sur le plus court chemin entre nos sites de production et vous.<\/span><\/p>\n<p style=\"text-align: justify;\"><span style=\"font-family: arial, helvetica, sans-serif; font-size: 13pt;\">La qualit\u00e9 de notre service est bas\u00e9e sur le facteur temps.<\/span><\/p>\n<p style=\"text-align: justify;\"><span style=\"font-family: arial, helvetica, sans-serif; font-size: 14pt;\">Etre votre interlocuteur privil\u00e9gi\u00e9 : notre m\u00e9tier depuis 40 ans.<\/span><\/p>\n<p style=\"text-align: justify;\"><span style=\"font-family: arial, helvetica, sans-serif; font-size: 14pt;\">La qualit\u00e9 de notre service et la fiabilit\u00e9 de nos produits sont le reflet de votre satisfaction.<\/span><\/p>\n<\/div><\/section><\/p><\/div>\n<div style='height:1px' class='hr hr-invisible  '><span class='hr-inner ' ><span class='hr-inner-style'><\/span><\/span><\/div>\n<div class='flex_column_table av-equal-height-column-flextable -flextable' ><div class=\"flex_column av_one_half  flex_column_table_cell av-equal-height-column av-align-bottom av-zero-column-padding first  \" style='border-radius:0px; '><p><div  data-size='no scaling'  data-lightbox_size='large'  data-animation='fade'  data-ids='1095,1097,1101,1119'  data-video_counter='0'  data-autoplay='true'  data-bg_slider='false'  data-slide_height=''  data-handle='av_slideshow'  data-interval='3'  data-class=' '  data-css_id=''  data-scroll_down=''  data-control_layout='av-control-default'  data-custom_markup=''  data-perma_caption=''  data-autoplay_stopper=''  data-image_attachment=''  data-min_height='0px'  class='avia-slideshow avia-slideshow-1  av-control-default av-default-height-applied avia-slideshow-no scaling av_slideshow   avia-fade-slider '  itemprop=\"ImageObject\" itemscope=\"itemscope\" itemtype=\"https:\/\/schema.org\/ImageObject\" ><ul class='avia-slideshow-inner' style='padding-bottom: 56%;'><li  class=' slide-1 ' ><div data-rel='slideshow-1' class='avia-slide-wrap'  ><img src='https:\/\/sibam89.fr\/wp-content\/uploads\/2018\/06\/air-dryers.jpg' width='1500' height='840' title='air-dryers' alt=''  itemprop=\"thumbnailUrl\"   \/><\/div><\/li><li  class=' slide-2 ' ><div data-rel='slideshow-1' class='avia-slide-wrap'  ><img src='https:\/\/sibam89.fr\/wp-content\/uploads\/2018\/06\/convertisseur-catalytique-pour-un-air-comprime-exempt-d-huile-bekokat-000361811-product_zoom.jpg' width='1500' height='839' title='convertisseur-catalytique-pour-un-air-comprime-exempt-d-huile-bekokat-000361811-product_zoom' alt=''  itemprop=\"thumbnailUrl\"   \/><\/div><\/li><li  class=' slide-3 ' ><div data-rel='slideshow-1' class='avia-slide-wrap'  ><img src='https:\/\/sibam89.fr\/wp-content\/uploads\/2018\/06\/14500-12468335.jpg' width='1500' height='840' title='14500-12468335' alt=''  itemprop=\"thumbnailUrl\"   \/><\/div><\/li><\/ul><div class='avia-slideshow-arrows avia-slideshow-controls'><a href='#prev' class='prev-slide' aria-hidden='true' data-av_icon='\ue87c' data-av_iconfont='entypo-fontello'>Pr\u00e9c\u00e9dent<\/a><a href='#next' class='next-slide' aria-hidden='true' data-av_icon='\ue87d' data-av_iconfont='entypo-fontello'>Suivant<\/a><\/div><div class='avia-slideshow-dots avia-slideshow-controls'><a href='#1' class='goto-slide active' >1<\/a><a href='#2' class='goto-slide ' >2<\/a><a href='#3' class='goto-slide ' >3<\/a><\/div><\/div><br \/>\n<div style='height:30px' class='hr hr-invisible  '><span class='hr-inner ' ><span class='hr-inner-style'><\/span><\/span><\/div><br \/>\n<div class='avia-image-container  av-styling-    avia-align-center '  itemprop=\"ImageObject\" itemscope=\"itemscope\" itemtype=\"https:\/\/schema.org\/ImageObject\"  ><div class='avia-image-container-inner'><div class='avia-image-overlay-wrap'><a href='http:\/\/www.beko-technologies.fr\/' class='avia_image'   target=\"_blank\" ><img class='avia_image ' src='https:\/\/sibam89.fr\/wp-content\/uploads\/2018\/06\/beko1-180x180.jpg' alt='' title='beko1'  itemprop=\"thumbnailUrl\"  \/><\/a><\/div><\/div><\/div><\/p><\/div><\/div><!--close column table wrapper. Autoclose: 1 -->\n<div class='flex_column_table av-equal-height-column-flextable -flextable' ><div class='av-flex-placeholder'><\/div><div class=\"flex_column av_one_half  flex_column_table_cell av-equal-height-column av-align-bottom av-zero-column-padding   \" style='border-radius:0px; '><p><div style='height:30px' class='hr hr-invisible  '><span class='hr-inner ' ><span class='hr-inner-style'><\/span><\/span><\/div><br \/>\n<div  data-size='no scaling'  data-lightbox_size='large'  data-animation='fade'  data-ids='490,1112,1113,1114'  data-video_counter='0'  data-autoplay='true'  data-bg_slider='false'  data-slide_height=''  data-handle='av_slideshow'  data-interval='3'  data-class=' '  data-css_id=''  data-scroll_down=''  data-control_layout='av-control-default'  data-custom_markup=''  data-perma_caption=''  data-autoplay_stopper=''  data-image_attachment=''  data-min_height='0px'  class='avia-slideshow avia-slideshow-2  av-control-default av-default-height-applied avia-slideshow-no scaling av_slideshow   avia-fade-slider '  itemprop=\"ImageObject\" itemscope=\"itemscope\" itemtype=\"https:\/\/schema.org\/ImageObject\" ><ul class='avia-slideshow-inner' style='padding-bottom: 56.253635834788%;'><li  class=' slide-1 ' ><div data-rel='slideshow-2' class='avia-slide-wrap'  ><img src='https:\/\/sibam89.fr\/wp-content\/uploads\/2018\/05\/46-camozzi-Gamme-2008-1.jpg' width='1719' height='967' title='46-camozzi-Gamme-2008' alt=''  itemprop=\"thumbnailUrl\"   \/><\/div><\/li><li  class=' slide-2 ' ><div data-rel='slideshow-2' class='avia-slide-wrap'  ><img src='https:\/\/sibam89.fr\/wp-content\/uploads\/2018\/06\/CAM505_Fittings_Hi-Res-300-dpi.jpg' width='1500' height='840' title='CAM505_Fittings_Hi-Res-300-dpi' alt=''  itemprop=\"thumbnailUrl\"   \/><\/div><\/li><li  class=' slide-3 ' ><div data-rel='slideshow-2' class='avia-slide-wrap'  ><img src='https:\/\/sibam89.fr\/wp-content\/uploads\/2018\/06\/gallery-1456x819-496298.jpg' width='1500' height='840' title='gallery-1456x819-496298' alt=''  itemprop=\"thumbnailUrl\"   \/><\/div><\/li><li  class=' slide-4 ' ><div data-rel='slideshow-2' class='avia-slide-wrap'  ><img src='https:\/\/sibam89.fr\/wp-content\/uploads\/2018\/06\/nh.jpg' width='1500' height='840' title='nh' alt=''  itemprop=\"thumbnailUrl\"   \/><\/div><\/li><\/ul><div class='avia-slideshow-arrows avia-slideshow-controls'><a href='#prev' class='prev-slide' aria-hidden='true' data-av_icon='\ue87c' data-av_iconfont='entypo-fontello'>Pr\u00e9c\u00e9dent<\/a><a href='#next' class='next-slide' aria-hidden='true' data-av_icon='\ue87d' data-av_iconfont='entypo-fontello'>Suivant<\/a><\/div><div class='avia-slideshow-dots avia-slideshow-controls'><a href='#1' class='goto-slide active' >1<\/a><a href='#2' class='goto-slide ' >2<\/a><a href='#3' class='goto-slide ' >3<\/a><a href='#4' class='goto-slide ' >4<\/a><\/div><\/div><br \/>\n<div style='height:30px' class='hr hr-invisible  '><span class='hr-inner ' ><span class='hr-inner-style'><\/span><\/span><\/div><br \/>\n<div class='avia-image-container  av-styling-    avia-align-center '  itemprop=\"ImageObject\" itemscope=\"itemscope\" itemtype=\"https:\/\/schema.org\/ImageObject\"  ><div class='avia-image-container-inner'><div class='avia-image-overlay-wrap'><a href='http:\/\/www.camozzi.fr\/fr\/camozzigroup\/automation\/camozzi\/camozzi-fr\/camozzi-france' class='avia_image'   target=\"_blank\" ><img class='avia_image ' src='https:\/\/sibam89.fr\/wp-content\/uploads\/2018\/05\/index-2-180x180.png' alt='' title='index'  itemprop=\"thumbnailUrl\"  \/><\/a><\/div><\/div><\/div><\/p><\/div><\/div><!--close column table wrapper. Autoclose: 1 -->\n","protected":false},"excerpt":{"rendered":"","protected":false},"author":1,"featured_media":0,"parent":28,"menu_order":0,"comment_status":"closed","ping_status":"closed","template":"","meta":{"footnotes":""},"class_list":["post-50","page","type-page","status-publish","hentry"],"_links":{"self":[{"href":"https:\/\/sibam89.fr\/index.php?rest_route=\/wp\/v2\/pages\/50","targetHints":{"allow":["GET"]}}],"collection":[{"href":"https:\/\/sibam89.fr\/index.php?rest_route=\/wp\/v2\/pages"}],"about":[{"href":"https:\/\/sibam89.fr\/index.php?rest_route=\/wp\/v2\/types\/page"}],"author":[{"embeddable":true,"href":"https:\/\/sibam89.fr\/index.php?rest_route=\/wp\/v2\/users\/1"}],"replies":[{"embeddable":true,"href":"https:\/\/sibam89.fr\/index.php?rest_route=%2Fwp%2Fv2%2Fcomments&post=50"}],"version-history":[{"count":36,"href":"https:\/\/sibam89.fr\/index.php?rest_route=\/wp\/v2\/pages\/50\/revisions"}],"predecessor-version":[{"id":771,"href":"https:\/\/sibam89.fr\/index.php?rest_route=\/wp\/v2\/pages\/50\/revisions\/771"}],"up":[{"embeddable":true,"href":"https:\/\/sibam89.fr\/index.php?rest_route=\/wp\/v2\/pages\/28"}],"wp:attachment":[{"href":"https:\/\/sibam89.fr\/index.php?rest_route=%2Fwp%2Fv2%2Fmedia&parent=50"}],"curies":[{"name":"wp","href":"https:\/\/api.w.org\/{rel}","templated":true}]}}