{"id":42,"date":"2018-04-27T08:22:11","date_gmt":"2018-04-27T06:22:11","guid":{"rendered":"http:\/\/sibam89.fr\/?page_id=42"},"modified":"2018-06-18T17:43:38","modified_gmt":"2018-06-18T15:43:38","slug":"pression","status":"publish","type":"page","link":"https:\/\/sibam89.fr\/?page_id=42","title":{"rendered":"PRESSION"},"content":{"rendered":"<div class='flex_column_table av-equal-height-column-flextable -flextable' ><div class=\"flex_column av_one_third  flex_column_table_cell av-equal-height-column av-align-middle av-zero-column-padding first  \" style='border-radius:0px; '><div class='avia-image-container  av-styling-    avia-align-left '  itemprop=\"ImageObject\" itemscope=\"itemscope\" itemtype=\"https:\/\/schema.org\/ImageObject\"  ><div class='avia-image-container-inner'><div class='avia-image-overlay-wrap'><img class='avia_image ' src='https:\/\/sibam89.fr\/wp-content\/uploads\/2018\/05\/35-A-distri-2335RV14R-300x300.jpg' alt='' title='35-A--distri-2335RV14R' height=\"300\"width=\"300\"  itemprop=\"thumbnailUrl\"  \/><\/div><\/div><\/div><\/div><\/div><!--close column table wrapper. Autoclose: 1 --><div class='flex_column_table av-equal-height-column-flextable -flextable' ><div class='av-flex-placeholder'><\/div><div class=\"flex_column av_two_third  flex_column_table_cell av-equal-height-column av-align-middle av-zero-column-padding   \" style='border-radius:0px; '><section class=\"av_textblock_section \"  itemscope=\"itemscope\" itemtype=\"https:\/\/schema.org\/CreativeWork\" ><div class='avia_textblock  '   itemprop=\"text\" ><h1 style=\"text-align: left;\"><span style=\"font-size: 18pt; color: #005db4;\"><strong><span style=\"font-family: arial, helvetica, sans-serif;\">Manom\u00e8tre<\/span><\/strong><\/span><\/h1>\n<\/div><\/section><br \/>\n<div style=' margin-top:0px; margin-bottom:20px;'  class='hr hr-custom hr-left hr-icon-no  '><span class='hr-inner   inner-border-av-border-fat' style=' width:150px; border-color:#005db4;' ><span class='hr-inner-style'><\/span><\/span><\/div><br \/>\n<section class=\"av_textblock_section \"  itemscope=\"itemscope\" itemtype=\"https:\/\/schema.org\/CreativeWork\" ><div class='avia_textblock  '   itemprop=\"text\" ><p style=\"text-align: justify;\"><span style=\"font-family: arial, helvetica, sans-serif; font-size: 13pt;\">Un manom\u00e8tre est un instrument de mesure de la <a title=\"Pression sanguine et pression art\u00e9rielle\" href=\"https:\/\/www.futura-sciences.com\/sante\/dossiers\/medecine-tension-arterielle-hypertension-981\/page\/3\/\" target=\"_blank\" rel=\"noopener\"><span class=\"link-wrapper\">pression<\/span><\/a> d&rsquo;un fluide. Il est \u00e0 noter que celle-ci ne peut \u00eatre mesur\u00e9e que par rapport \u00e0 une pression de r\u00e9f\u00e9rence, en g\u00e9n\u00e9ral la <a class=\"tooltip-link ng-scope tooltipstered\" href=\"https:\/\/www.futura-sciences.com\/planete\/definitions\/climatologie-pression-atmospherique-14558\/\" target=\"_blank\" rel=\"noopener\" data-color=\"light-green\" data-title=\"Pression atmosph\u00e9rique\" data-number=\"\" data-copy=\"La pression atmosph\u00e9rique correspond \u00e0 la pression g\u00e9n\u00e9r\u00e9e par une colonne d\u2019air en un point donn\u00e9. Elle s\u2019exprime en pascal (Pa), unit\u00e9 \u00e9quivalente au newton par m\u00e8tre carr\u00e9 (N\/m2). En moyenne, au niveau de la mer, la pression atmosph\u00e9rique avoisine 1.013,25 hectopascals (hPa), soit...\" data-image=\"https:\/\/fr.cdn.v5.futura-sciences.com\/buildsv6\/images\/midioriginal\/e\/6\/8\/e681624575_60251_barometre-james-e-petts-flickr-cc-20.jpg\" data-url=\"\/planete\/definitions\/climatologie-pression-atmospherique-14558\/\" data-more=\"Lire la suite\"><span class=\"link-wrapper\">pression atmosph\u00e9rique<\/span><\/a>. Le manom\u00e8tre permet de lire directement la valeur mesur\u00e9e.<\/span><\/p>\n<p class=\"zeta py0p5\" style=\"text-align: justify;\"><span style=\"font-family: arial, helvetica, sans-serif; font-size: 13pt;\">Il existe de nombreuses variantes de manom\u00e8tres :<br \/>\n<\/span><\/p>\n<\/div><\/section><\/p><\/div><\/div><!--close column table wrapper. Autoclose: 1 --><\/p>\n<div class=\"flex_column av_one_half  flex_column_div av-zero-column-padding first  \" style='border-radius:0px; '><section class=\"av_textblock_section \"  itemscope=\"itemscope\" itemtype=\"https:\/\/schema.org\/CreativeWork\" ><div class='avia_textblock  '   itemprop=\"text\" ><h2 class=\"subheading gamma pb1 pt3\" style=\"text-align: justify;\"><span style=\"font-family: arial, helvetica, sans-serif; font-size: 14pt;\">Les manom\u00e8tres hydrostatiques<\/span><\/h2>\n<p class=\"zeta py0p5\" style=\"text-align: justify;\"><span style=\"font-family: arial, helvetica, sans-serif; font-size: 13pt;\">Dans les stations de gonflage, on trouve g\u00e9n\u00e9ralement des manom\u00e8tres hydrostatiques. La pression de l&rsquo;<a class=\"tooltip-link ng-scope tooltipstered\" href=\"https:\/\/www.futura-sciences.com\/sciences\/definitions\/chimie-air-4452\/\" target=\"_blank\" rel=\"noopener\" data-color=\"purple\" data-title=\"Air\" data-number=\"\" data-copy=\"Le terme \u00ab air \u00bb d\u00e9signe le fluide gazeux parfait, incolore, inodore et invisible qui constitue l\u2019atmosph\u00e8re terrestre. On l'associe plus\u00a0g\u00e9n\u00e9ralement \u00e0 la troposph\u00e8re, la couche de l\u2019atmosph\u00e8re de la Terre la plus proche de la surface du globe. En contact direct avec cette derni\u00e8re, l\u2019air...\" data-image=\"https:\/\/fr.cdn.v5.futura-sciences.com\/buildsv6\/images\/midioriginal\/0\/9\/4\/094b7cd111_105230_atmosphere-air-gaz.jpg\" data-url=\"\/sciences\/definitions\/chimie-air-4452\/\" data-more=\"Lire la suite\"><span class=\"link-wrapper\">air<\/span><\/a> dans le <a title=\"Le recyclage des pneus usag\u00e9s\" href=\"https:\/\/www.futura-sciences.com\/planete\/questions-reponses\/automobile-recyclage-pneus-usages-1172\/\" target=\"_blank\" rel=\"noopener\"><span class=\"link-wrapper\">pneu<\/span><\/a> comprime un ressort de fa\u00e7on plus ou moins importante.<\/span><\/p>\n<p class=\"zeta py0p5\" style=\"text-align: justify;\"><span style=\"font-family: arial, helvetica, sans-serif; font-size: 13pt;\">Les manom\u00e8tres \u00e0 colonne de <a title=\"L'eau liquide, source de vie dans l\u2019univers\" href=\"https:\/\/www.futura-sciences.com\/sciences\/dossiers\/astronomie-eau-liquide-source-vie-univers-995\/\" target=\"_blank\" rel=\"noopener\"><span class=\"link-wrapper\">liquide<\/span><\/a> se rangent \u00e9galement dans cette cat\u00e9gorie. Un tube en U est \u00e0 moiti\u00e9 rempli d&rsquo;un <a class=\"tooltip-link ng-scope tooltipstered\" href=\"https:\/\/www.futura-sciences.com\/sciences\/definitions\/chimie-liquide-15334\/\" target=\"_blank\" rel=\"noopener\" data-color=\"purple\" data-title=\"Liquide\" data-number=\"\" data-copy=\"Avec notamment l\u2019\u00e9tat solide et l\u2019\u00e9tat gazeux, l\u2019\u00e9tat liquide fait partie des diff\u00e9rents \u00e9tats de la mati\u00e8re. Dans l\u2019\u00e9tat liquide, ions, atomes ou mol\u00e9cules sont faiblement li\u00e9s les uns aux autres. De quoi rendre la mati\u00e8re facilement d\u00e9formable. Toutefois, les atomes d\u2019un liquide restent li\u00e9s...\" data-image=\"https:\/\/fr.cdn.v5.futura-sciences.com\/buildsv6\/images\/midioriginal\/7\/8\/8\/788800573c_82229_liquide.jpg\" data-url=\"\/sciences\/definitions\/chimie-liquide-15334\/\" data-more=\"Lire la suite\"><span class=\"link-wrapper\">liquide<\/span><\/a>. L&rsquo;une de ses extr\u00e9mit\u00e9s est raccord\u00e9e \u00e0 la pression de r\u00e9f\u00e9rence, la <a title=\"QR - Combien p\u00e8se l\u2019air ?\" href=\"https:\/\/www.futura-sciences.com\/sciences\/questions-reponses\/matiere-pese-air-1009\/\" target=\"_blank\" rel=\"noopener\"><span class=\"link-wrapper\">pression atmosph\u00e9rique<\/span><\/a> ou le <a title=\"Des tiques survivent \u00e0 un passage dans le vide\" href=\"https:\/\/www.futura-sciences.com\/planete\/videos\/tiques-survivent-passage-vide-29\/\" target=\"_blank\" rel=\"noopener\"><span class=\"link-wrapper\">vide<\/span><\/a>, et l&rsquo;autre, \u00e0 la pression \u00e0 mesurer.<\/span><\/p>\n<\/div><\/section><\/div>\n<div class=\"flex_column av_one_half  flex_column_div av-zero-column-padding   \" style='border-radius:0px; '><section class=\"av_textblock_section \"  itemscope=\"itemscope\" itemtype=\"https:\/\/schema.org\/CreativeWork\" ><div class='avia_textblock  '   itemprop=\"text\" ><h2 class=\"subheading gamma pb1 pt3\" style=\"text-align: justify;\"><span style=\"font-family: arial, helvetica, sans-serif; font-size: 14pt;\">Les manom\u00e8tres an\u00e9ro\u00efdes<\/span><\/h2>\n<p class=\"zeta py0p5\" style=\"text-align: justify;\"><span style=\"font-family: arial, helvetica, sans-serif; font-size: 13pt;\">Les manom\u00e8tres dits an\u00e9ro\u00efdes comptent sur l&rsquo;<a class=\"tooltip-link ng-scope tooltipstered\" href=\"https:\/\/www.futura-sciences.com\/sciences\/definitions\/physique-elasticite-2077\/\" data-color=\"purple\" data-title=\"\u00c9lasticit\u00e9\" data-number=\"\" data-copy=\"Propri\u00e9t\u00e9 physique d'un corps de reprendre sa forme initiale apr\u00e8s suppression de la sollicitation.  <br ><\/a>Le corps est parfaitement \u00e9lastique s&rsquo;il retrouve compl\u00e8tement sa forme originale apr\u00e8s suppression de la charge.<br \/>Il est partiellement \u00e9lastique si la d\u00e9formation produite par les forces&#8230;\u00a0\u00bb data-url=\u00a0\u00bb\/sciences\/definitions\/physique-elasticite-2077\/\u00a0\u00bb data-more=\u00a0\u00bbLire la suite\u00a0\u00bb><span class=\"link-wrapper\">\u00e9lasticit\u00e9<\/span><\/a> d&rsquo;une pi\u00e8ce m\u00e9canique pour mesurer la pression.<\/span><\/p>\n<p class=\"zeta py0p5\" style=\"text-align: justify;\"><span style=\"font-family: arial, helvetica, sans-serif; font-size: 13pt;\">Les manom\u00e8tres \u00e0 tube de Bourdon, par exemple, reposent sur la d\u00e9formation d&rsquo;un tube cintr\u00e9. Lorsqu&rsquo;un tel tube est pinc\u00e9, une pression interne lui permet de retrouver sa section normale. Le d\u00e9placement de la partie finale du tube est communiqu\u00e9 \u00e0 l&rsquo;aiguille qui indique la pression sur un cadrant.<\/span><\/p>\n<\/div><\/section><\/div>\n<div  class='hr hr-default  '><span class='hr-inner ' ><span class='hr-inner-style'><\/span><\/span><\/div>\n<div class='flex_column_table av-equal-height-column-flextable -flextable' ><div class=\"flex_column av_two_third  flex_column_table_cell av-equal-height-column av-align-middle av-zero-column-padding first  \" style='border-radius:0px; '><section class=\"av_textblock_section \"  itemscope=\"itemscope\" itemtype=\"https:\/\/schema.org\/CreativeWork\" ><div class='avia_textblock  '   itemprop=\"text\" ><h1 style=\"text-align: left;\"><span style=\"font-size: 18pt; color: #005db4;\"><strong><span style=\"font-family: arial, helvetica, sans-serif;\">Pressostat<\/span><\/strong><\/span><\/h1>\n<\/div><\/section><br \/>\n<div style=' margin-top:0px; margin-bottom:20px;'  class='hr hr-custom hr-left hr-icon-no  '><span class='hr-inner   inner-border-av-border-fat' style=' width:150px; border-color:#005db4;' ><span class='hr-inner-style'><\/span><\/span><\/div><br \/>\n<section class=\"av_textblock_section \"  itemscope=\"itemscope\" itemtype=\"https:\/\/schema.org\/CreativeWork\" ><div class='avia_textblock  '   itemprop=\"text\" ><p style=\"text-align: justify;\"><span style=\"font-family: arial, helvetica, sans-serif; font-size: 13pt;\">Un pressostat est un dispositif d\u00e9tectant le d\u00e9passement d&rsquo;une valeur pr\u00e9d\u00e9termin\u00e9e, de la pression d&rsquo;un fluide.<\/span><\/p>\n<p style=\"text-align: justify;\"><span style=\"font-family: arial, helvetica, sans-serif; font-size: 13pt;\">L&rsquo;information rendue peut \u00eatre \u00e9lectrique, pneumatique, hydraulique, et \u00e9lectronique.<\/span><\/p>\n<p style=\"text-align: justify;\"><span style=\"font-family: arial, helvetica, sans-serif; font-size: 13pt;\">Ils transforment une ou plusieurs valeurs de pression d\u00e9termin\u00e9es qu&rsquo;ils subissent en informations \u00e9lectriques, m\u00e9caniques ou num\u00e9riques. Ils sont utilis\u00e9s dans de nombreuses applications de syst\u00e8mes de contr\u00f4le ou de r\u00e9gulation. L&rsquo;information ainsi transmise d\u00e9pend de la comparaison entre la valeur ou consigne pr\u00e9d\u00e9finie et la mesure r\u00e9elle de l&rsquo;\u00e9quipement, lorsque cet \u00e9cart Consigne \/ Mesure d\u00e9passe un seuil, le pressostat envoie un signal qui prend une position de s\u00e9curit\u00e9, et dans le cas contraire, la position revient \u00e0 la normale, on parle alors de tout ou rien.<\/span><\/p>\n<p><span style=\"font-family: arial, helvetica, sans-serif;\">\u00a0<\/span><\/p>\n<\/div><\/section><\/p><\/div><\/div><!--close column table wrapper. Autoclose: 1 -->\n<div class='flex_column_table av-equal-height-column-flextable -flextable' ><div class='av-flex-placeholder'><\/div><div class=\"flex_column av_one_third  flex_column_table_cell av-equal-height-column av-align-middle av-zero-column-padding   \" style='border-radius:0px; '><div class='avia-image-container  av-styling-    avia-align-right '  itemprop=\"ImageObject\" itemscope=\"itemscope\" itemtype=\"https:\/\/schema.org\/ImageObject\"  ><div class='avia-image-container-inner'><div class='avia-image-overlay-wrap'><img class='avia_image ' src='https:\/\/sibam89.fr\/wp-content\/uploads\/2018\/05\/pressostat-pour-industrie-legere-femelle-8-13-300x300.jpg' alt='' title='pressostat-pour-industrie-legere-femelle-8-13' height=\"300\"width=\"300\"  itemprop=\"thumbnailUrl\"  \/><\/div><\/div><\/div><\/div><\/div><!--close column table wrapper. Autoclose: 1 --><div  class='hr hr-default  '><span class='hr-inner ' ><span class='hr-inner-style'><\/span><\/span><\/div><\/p>\n<div class='flex_column_table av-equal-height-column-flextable -flextable' ><div class=\"flex_column av_one_third  flex_column_table_cell av-equal-height-column av-align-middle first  \" style='padding:0px 30px 30px 30px ; border-radius:0px; '><div class='avia-image-container  av-styling-    avia-align-left '  itemprop=\"ImageObject\" itemscope=\"itemscope\" itemtype=\"https:\/\/schema.org\/ImageObject\"  ><div class='avia-image-container-inner'><div class='avia-image-overlay-wrap'><img class='avia_image ' src='https:\/\/sibam89.fr\/wp-content\/uploads\/2018\/05\/capteur-300x300.jpg' alt='' title='capteur' height=\"300\"width=\"300\"  itemprop=\"thumbnailUrl\"  \/><\/div><\/div><\/div><\/div><\/div><!--close column table wrapper. Autoclose: 1 --><div class='flex_column_table av-equal-height-column-flextable -flextable' ><div class='av-flex-placeholder'><\/div><div class=\"flex_column av_two_third  flex_column_table_cell av-equal-height-column av-align-middle av-zero-column-padding   \" style='border-radius:0px; '><section class=\"av_textblock_section \"  itemscope=\"itemscope\" itemtype=\"https:\/\/schema.org\/CreativeWork\" ><div class='avia_textblock  '   itemprop=\"text\" ><h1 style=\"text-align: left;\"><span style=\"font-size: 18pt; color: #005db4;\"><strong><span style=\"font-family: arial, helvetica, sans-serif;\">Capteur de pression<br \/>\n<\/span><\/strong><\/span><\/h1>\n<\/div><\/section><br \/>\n<div style=' margin-top:0px; margin-bottom:20px;'  class='hr hr-custom hr-left hr-icon-no  '><span class='hr-inner   inner-border-av-border-fat' style=' width:150px; border-color:#005db4;' ><span class='hr-inner-style'><\/span><\/span><\/div><br \/>\n<section class=\"av_textblock_section \"  itemscope=\"itemscope\" itemtype=\"https:\/\/schema.org\/CreativeWork\" ><div class='avia_textblock  '   itemprop=\"text\" ><p style=\"text-align: justify;\"><span style=\"font-family: arial, helvetica, sans-serif; font-size: 13pt;\">Un capteur de pression appel\u00e9 aussi transmetteur ou sonde de pression convertit la quantit\u00e9 physique \u00ab\u00a0pression\u00a0\u00bb en un signal standard industriel.<\/span><\/p>\n<p style=\"text-align: justify;\"><span style=\"font-family: arial, helvetica, sans-serif; font-size: 13pt;\">Nous vous proposons un large \u00e9ventail de capteurs de pression pour les applications industrielles g\u00e9n\u00e9rales. Des versions sp\u00e9ciales sont disponibles pour les applications de\u00a0 l&rsquo;industrie bien sp\u00e9cifiques.<\/span><\/p>\n<p style=\"text-align: justify;\"><span style=\"font-family: arial, helvetica, sans-serif; font-size: 13pt;\">Ils pr\u00e9sentent des pr\u00e9cisions diff\u00e9rentes suivant leur classe, des plages de mesure \u00e9tendues de 0,05 bar \u00e0 plusieurs centaines de bar, des interfaces num\u00e9riques tels que IO-Link ainsi que divers agr\u00e9ments, y compris pour les zones dangereuses.<\/span><\/p>\n<\/div><\/section><\/p><\/div><\/div><!--close column table wrapper. Autoclose: 1 --><\/p>\n","protected":false},"excerpt":{"rendered":"","protected":false},"author":1,"featured_media":0,"parent":38,"menu_order":0,"comment_status":"closed","ping_status":"closed","template":"","meta":{"footnotes":""},"class_list":["post-42","page","type-page","status-publish","hentry"],"_links":{"self":[{"href":"https:\/\/sibam89.fr\/index.php?rest_route=\/wp\/v2\/pages\/42","targetHints":{"allow":["GET"]}}],"collection":[{"href":"https:\/\/sibam89.fr\/index.php?rest_route=\/wp\/v2\/pages"}],"about":[{"href":"https:\/\/sibam89.fr\/index.php?rest_route=\/wp\/v2\/types\/page"}],"author":[{"embeddable":true,"href":"https:\/\/sibam89.fr\/index.php?rest_route=\/wp\/v2\/users\/1"}],"replies":[{"embeddable":true,"href":"https:\/\/sibam89.fr\/index.php?rest_route=%2Fwp%2Fv2%2Fcomments&post=42"}],"version-history":[{"count":54,"href":"https:\/\/sibam89.fr\/index.php?rest_route=\/wp\/v2\/pages\/42\/revisions"}],"predecessor-version":[{"id":751,"href":"https:\/\/sibam89.fr\/index.php?rest_route=\/wp\/v2\/pages\/42\/revisions\/751"}],"up":[{"embeddable":true,"href":"https:\/\/sibam89.fr\/index.php?rest_route=\/wp\/v2\/pages\/38"}],"wp:attachment":[{"href":"https:\/\/sibam89.fr\/index.php?rest_route=%2Fwp%2Fv2%2Fmedia&parent=42"}],"curies":[{"name":"wp","href":"https:\/\/api.w.org\/{rel}","templated":true}]}}