{"id":38,"date":"2018-04-27T08:21:37","date_gmt":"2018-04-27T06:21:37","guid":{"rendered":"http:\/\/sibam89.fr\/?page_id=38"},"modified":"2018-06-15T10:54:05","modified_gmt":"2018-06-15T08:54:05","slug":"mesure","status":"publish","type":"page","link":"https:\/\/sibam89.fr\/?page_id=38","title":{"rendered":"MESURE"},"content":{"rendered":"<div class=\"flex_column av_one_full  flex_column_div av-zero-column-padding first  \" style='border-radius:0px; '><section class=\"av_textblock_section \"  itemscope=\"itemscope\" itemtype=\"https:\/\/schema.org\/CreativeWork\" ><div class='avia_textblock  '   itemprop=\"text\" ><h1 style=\"text-align: center;\"><strong><span style=\"font-family: arial, helvetica, sans-serif; font-size: 18pt; color: #005db4;\">Mesurer une grandeur physique<br \/>\n<\/span><\/strong><\/h1>\n<\/div><\/section><br \/>\n<div style=' margin-top:0px; margin-bottom:20px;'  class='hr hr-custom hr-center hr-icon-no  '><span class='hr-inner   inner-border-av-border-fat' style=' width:150px; border-color:#005db4;' ><span class='hr-inner-style'><\/span><\/span><\/div><br \/>\n<section class=\"av_textblock_section \"  itemscope=\"itemscope\" itemtype=\"https:\/\/schema.org\/CreativeWork\" ><div class='avia_textblock  '   itemprop=\"text\" ><p style=\"text-align: justify;\"><span style=\"font-family: arial, helvetica, sans-serif; font-size: 13pt;\">A chaque moment sur vos installations, afin de contr\u00f4ler votre processus, vous avez besoins de conna\u00eetre se qui se passe \u00e0 l&rsquo;int\u00e9rieur de votre fluide en un point donn\u00e9 de proc\u00e9d\u00e9. C&rsquo;est le r\u00f4le des organes de mesure, pression, temp\u00e9rature, niveau, d\u00e9bit, \u00e9nergie&#8230; <\/span><\/p>\n<\/div><\/section><\/p><\/div><div class='flex_column_table av-equal-height-column-flextable -flextable' ><div class=\"flex_column av_one_fifth  no_margin flex_column_table_cell av-equal-height-column av-align-middle first  \" style='padding:0px 30px 0px 0px ; border-radius:0px; '><section class=\"av_textblock_section \"  itemscope=\"itemscope\" itemtype=\"https:\/\/schema.org\/CreativeWork\" ><div class='avia_textblock  '   itemprop=\"text\" ><h1><strong><span style=\"font-family: arial, helvetica, sans-serif; font-size: 18pt; color: #005db4;\">Lecture directe<br \/>\n<\/span><\/strong><\/h1>\n<\/div><\/section><br \/>\n<div style=' margin-top:0px; margin-bottom:20px;'  class='hr hr-custom hr-left hr-icon-no  '><span class='hr-inner   inner-border-av-border-fat' style=' width:150px; border-color:#005db4;' ><span class='hr-inner-style'><\/span><\/span><\/div><br \/>\n<section class=\"av_textblock_section \"  itemscope=\"itemscope\" itemtype=\"https:\/\/schema.org\/CreativeWork\" ><div class='avia_textblock  '   itemprop=\"text\" ><p style=\"text-align: justify;\"><span style=\"font-family: arial, helvetica, sans-serif; font-size: 13pt;\">Suivant l&rsquo;utilisation que vous souhaitez faire de la valeur mesur\u00e9e, vous opterez lorsqu&rsquo;elle sera suffisante pour une lecture directe, dont on peut choisir le niveau de pr\u00e9cision malgr\u00e9 tout.<\/span><\/p>\n<\/div><\/section><\/p><\/div><\/div><!--close column table wrapper. Autoclose: 1 --><\/p>\n<div class='flex_column_table av-equal-height-column-flextable -flextable' ><div class=\"flex_column av_three_fifth  no_margin flex_column_table_cell av-equal-height-column av-align-middle   \" style='padding:30px 0px 0px 0px ; border-radius:0px; '><div class='avia-gallery  avia-gallery-1 avia_lazyload avia_animate_when_visible '  itemprop=\"ImageObject\" itemscope=\"itemscope\" itemtype=\"https:\/\/schema.org\/ImageObject\" ><div class='avia-gallery-thumb'> <a href='https:\/\/sibam89.fr\/wp-content\/uploads\/2018\/05\/41-bis-\u00e0-voir-sonde-claire-PT100-4.jpg' data-rel='gallery-1' data-prev-img='https:\/\/sibam89.fr\/wp-content\/uploads\/2018\/05\/41-bis-\u00e0-voir-sonde-claire-PT100-4-495x400.jpg' class='first_thumb lightbox ' data-onclick='1' title=''  itemprop=\"thumbnailUrl\" ><img  src='https:\/\/sibam89.fr\/wp-content\/uploads\/2018\/05\/41-bis-\u00e0-voir-sonde-claire-PT100-4-450x450.jpg' width='450' height='450'  title='41-bis-\u00e0-voir-sonde-claire-PT100-(4)' alt='' \/><\/a> <a href='https:\/\/sibam89.fr\/wp-content\/uploads\/2018\/05\/39-thermometre-77DDIG03.jpg' data-rel='gallery-1' data-prev-img='https:\/\/sibam89.fr\/wp-content\/uploads\/2018\/05\/39-thermometre-77DDIG03-495x400.jpg' class='lightbox ' data-onclick='2' title=''  itemprop=\"thumbnailUrl\" ><img  src='https:\/\/sibam89.fr\/wp-content\/uploads\/2018\/05\/39-thermometre-77DDIG03-450x450.jpg' width='450' height='450'  title='39-thermometre-77DDIG03' alt='' \/><\/a> <a href='https:\/\/sibam89.fr\/wp-content\/uploads\/2018\/05\/35-A-distri-2335RV14R.jpg' data-rel='gallery-1' data-prev-img='https:\/\/sibam89.fr\/wp-content\/uploads\/2018\/05\/35-A-distri-2335RV14R-495x400.jpg' class='lightbox ' data-onclick='3' title=''  itemprop=\"thumbnailUrl\" ><img  src='https:\/\/sibam89.fr\/wp-content\/uploads\/2018\/05\/35-A-distri-2335RV14R-450x450.jpg' width='450' height='450'  title='35-A--distri-2335RV14R' alt='' \/><\/a> <a href='https:\/\/sibam89.fr\/wp-content\/uploads\/2018\/05\/31-debimetre-\u00e0-ludion-DF08F-1.jpg' data-rel='gallery-1' data-prev-img='https:\/\/sibam89.fr\/wp-content\/uploads\/2018\/05\/31-debimetre-\u00e0-ludion-DF08F-1-495x400.jpg' class='lightbox ' data-onclick='4' title=''  itemprop=\"thumbnailUrl\" ><img  src='https:\/\/sibam89.fr\/wp-content\/uploads\/2018\/05\/31-debimetre-\u00e0-ludion-DF08F-1-450x450.jpg' width='450' height='450'  title='31-debimetre-\u00e0-ludion-DF08F' alt='' \/><\/a> <a href='https:\/\/sibam89.fr\/wp-content\/uploads\/2018\/05\/38-sonde-claire-PT100-5-1.jpg' data-rel='gallery-1' data-prev-img='https:\/\/sibam89.fr\/wp-content\/uploads\/2018\/05\/38-sonde-claire-PT100-5-1-495x400.jpg' class='first_thumb lightbox ' data-onclick='5' title=''  itemprop=\"thumbnailUrl\" ><img  src='https:\/\/sibam89.fr\/wp-content\/uploads\/2018\/05\/38-sonde-claire-PT100-5-1-450x450.jpg' width='450' height='450'  title='38-sonde-claire-PT100-(5)' alt='' \/><\/a> <a href='https:\/\/sibam89.fr\/wp-content\/uploads\/2018\/05\/32-A-SFERACO-COMPTEUR-1701_1740.jpg' data-rel='gallery-1' data-prev-img='https:\/\/sibam89.fr\/wp-content\/uploads\/2018\/05\/32-A-SFERACO-COMPTEUR-1701_1740-495x400.jpg' class='lightbox ' data-onclick='6' title=''  itemprop=\"thumbnailUrl\" ><img  src='https:\/\/sibam89.fr\/wp-content\/uploads\/2018\/05\/32-A-SFERACO-COMPTEUR-1701_1740-450x450.jpg' width='450' height='450'  title='32 A SFERACO COMPTEUR 1701_1740' alt='' \/><\/a> <a href='https:\/\/sibam89.fr\/wp-content\/uploads\/2018\/05\/34-affichage-numerique-.jpg' data-rel='gallery-1' data-prev-img='https:\/\/sibam89.fr\/wp-content\/uploads\/2018\/05\/34-affichage-numerique--495x400.jpg' class='lightbox ' data-onclick='7' title=''  itemprop=\"thumbnailUrl\" ><img  src='https:\/\/sibam89.fr\/wp-content\/uploads\/2018\/05\/34-affichage-numerique--450x450.jpg' width='450' height='450'  title='34-affichage-numerique-' alt='' \/><\/a> <a href='https:\/\/sibam89.fr\/wp-content\/uploads\/2018\/05\/sonde-de-temperature-thermocouple-k-56242-1.jpg' data-rel='gallery-1' data-prev-img='https:\/\/sibam89.fr\/wp-content\/uploads\/2018\/05\/sonde-de-temperature-thermocouple-k-56242-1-495x400.jpg' class='lightbox ' data-onclick='8' title=''  itemprop=\"thumbnailUrl\" ><img  src='https:\/\/sibam89.fr\/wp-content\/uploads\/2018\/05\/sonde-de-temperature-thermocouple-k-56242-1-450x450.jpg' width='450' height='450'  title='sonde-de-temperature-thermocouple-k-56242' alt='' \/><\/a><\/div><\/div><\/div><\/div><!--close column table wrapper. Autoclose: 1 -->\n<div class='flex_column_table av-equal-height-column-flextable -flextable' ><div class=\"flex_column av_one_fifth  no_margin flex_column_table_cell av-equal-height-column av-align-middle   \" style='padding:0px 0px 0px 30px ; border-radius:0px; '><section class=\"av_textblock_section \"  itemscope=\"itemscope\" itemtype=\"https:\/\/schema.org\/CreativeWork\" ><div class='avia_textblock  '   itemprop=\"text\" ><h1><strong><span style=\"font-family: arial, helvetica, sans-serif; font-size: 18pt; color: #005db4;\">Num\u00e9rique<\/span><\/strong><\/h1>\n<\/div><\/section><br \/>\n<div style=' margin-top:0px; margin-bottom:20px;'  class='hr hr-custom hr-left hr-icon-no  '><span class='hr-inner   inner-border-av-border-fat' style=' width:150px; border-color:#005db4;' ><span class='hr-inner-style'><\/span><\/span><\/div><br \/>\n<section class=\"av_textblock_section \"  itemscope=\"itemscope\" itemtype=\"https:\/\/schema.org\/CreativeWork\" ><div class='avia_textblock  '   itemprop=\"text\" ><p style=\"text-align: justify;\"><span style=\"font-family: arial, helvetica, sans-serif; font-size: 13pt;\">En revanche, si la valeur de la mesure doit \u00eatre int\u00e9gr\u00e9e dans un automatisme ou une r\u00e9gulation, sa transformation en un signal \u00e9lectrique devient l&rsquo;unique solution, c&rsquo;est se qu&rsquo;on appelle un signal analogique ou num\u00e9rique.<\/span><\/p>\n<\/div><\/section><\/p><\/div><\/div><!--close column table wrapper. Autoclose: 1 -->\n<div style='height:30px' class='hr hr-invisible  '><span class='hr-inner ' ><span class='hr-inner-style'><\/span><\/span><\/div>\n<a class=\"av-screen-reader-only\" href=https:\/\/sibam89.fr\/?page_id=42 >Link to: PRESSION<\/a><div class=\"flex_column av_one_fifth  flex_column_div av-zero-column-padding avia-link-column first  \" style='border-radius:0px; ' data-link-column-url=\"https:\/\/sibam89.fr\/?page_id=42\" ><section class=\"av_textblock_section \"  itemscope=\"itemscope\" itemtype=\"https:\/\/schema.org\/CreativeWork\" ><div class='avia_textblock  '   itemprop=\"text\" ><h1 style=\"text-align: center;\"><strong><span style=\"font-family: arial, helvetica, sans-serif; font-size: 18pt; color: #005db4;\">Pression<\/span><\/strong><\/h1>\n<\/div><\/section><\/div>\n<a class=\"av-screen-reader-only\" href=https:\/\/sibam89.fr\/?page_id=46 >Link to: TEMPERATURE<\/a><div class=\"flex_column av_one_fifth  flex_column_div av-zero-column-padding avia-link-column   \" style='border-radius:0px; ' data-link-column-url=\"https:\/\/sibam89.fr\/?page_id=46\" ><section class=\"av_textblock_section \"  itemscope=\"itemscope\" itemtype=\"https:\/\/schema.org\/CreativeWork\" ><div class='avia_textblock  '   itemprop=\"text\" ><h1><strong><span style=\"font-family: arial, helvetica, sans-serif; font-size: 18pt; color: #005db4;\">Temp\u00e9rature<\/span><\/strong><\/h1>\n<\/div><\/section><\/div>\n<a class=\"av-screen-reader-only\" href=https:\/\/sibam89.fr\/?page_id=44 >Link to: NIVEAU<\/a><div class=\"flex_column av_one_fifth  flex_column_div av-zero-column-padding avia-link-column   \" style='border-radius:0px; ' data-link-column-url=\"https:\/\/sibam89.fr\/?page_id=44\" ><section class=\"av_textblock_section \"  itemscope=\"itemscope\" itemtype=\"https:\/\/schema.org\/CreativeWork\" ><div class='avia_textblock  '   itemprop=\"text\" ><h1 style=\"text-align: center;\"><strong><span style=\"font-family: arial, helvetica, sans-serif; font-size: 18pt; color: #005db4;\">Niveau<\/span><\/strong><\/h1>\n<\/div><\/section><\/div>\n<a class=\"av-screen-reader-only\" href=https:\/\/sibam89.fr\/?page_id=40 >Link to: DEBIT<\/a><div class=\"flex_column av_one_fifth  flex_column_div av-zero-column-padding avia-link-column   \" style='border-radius:0px; ' data-link-column-url=\"https:\/\/sibam89.fr\/?page_id=40\" ><section class=\"av_textblock_section \"  itemscope=\"itemscope\" itemtype=\"https:\/\/schema.org\/CreativeWork\" ><div class='avia_textblock  '   itemprop=\"text\" ><h1 style=\"text-align: center;\"><strong><span style=\"font-family: arial, helvetica, sans-serif; font-size: 18pt; color: #005db4;\">D\u00e9bit<\/span><\/strong><\/h1>\n<\/div><\/section><\/div>\n<div class=\"flex_column av_one_fifth  flex_column_div av-zero-column-padding   \" style='border-radius:0px; '><section class=\"av_textblock_section \"  itemscope=\"itemscope\" itemtype=\"https:\/\/schema.org\/CreativeWork\" ><div class='avia_textblock  '   itemprop=\"text\" ><h1 style=\"text-align: right;\"><strong><span style=\"font-family: arial, helvetica, sans-serif; font-size: 18pt; color: #005db4;\">Energie<\/span><\/strong><\/h1>\n<\/div><\/section><\/div>\n","protected":false},"excerpt":{"rendered":"","protected":false},"author":1,"featured_media":0,"parent":28,"menu_order":0,"comment_status":"closed","ping_status":"closed","template":"","meta":{"footnotes":""},"class_list":["post-38","page","type-page","status-publish","hentry"],"_links":{"self":[{"href":"https:\/\/sibam89.fr\/index.php?rest_route=\/wp\/v2\/pages\/38","targetHints":{"allow":["GET"]}}],"collection":[{"href":"https:\/\/sibam89.fr\/index.php?rest_route=\/wp\/v2\/pages"}],"about":[{"href":"https:\/\/sibam89.fr\/index.php?rest_route=\/wp\/v2\/types\/page"}],"author":[{"embeddable":true,"href":"https:\/\/sibam89.fr\/index.php?rest_route=\/wp\/v2\/users\/1"}],"replies":[{"embeddable":true,"href":"https:\/\/sibam89.fr\/index.php?rest_route=%2Fwp%2Fv2%2Fcomments&post=38"}],"version-history":[{"count":42,"href":"https:\/\/sibam89.fr\/index.php?rest_route=\/wp\/v2\/pages\/38\/revisions"}],"predecessor-version":[{"id":1181,"href":"https:\/\/sibam89.fr\/index.php?rest_route=\/wp\/v2\/pages\/38\/revisions\/1181"}],"up":[{"embeddable":true,"href":"https:\/\/sibam89.fr\/index.php?rest_route=\/wp\/v2\/pages\/28"}],"wp:attachment":[{"href":"https:\/\/sibam89.fr\/index.php?rest_route=%2Fwp%2Fv2%2Fmedia&parent=38"}],"curies":[{"name":"wp","href":"https:\/\/api.w.org\/{rel}","templated":true}]}}