{"id":36,"date":"2018-04-27T08:21:18","date_gmt":"2018-04-27T06:21:18","guid":{"rendered":"http:\/\/sibam89.fr\/?page_id=36"},"modified":"2018-06-18T14:33:21","modified_gmt":"2018-06-18T12:33:21","slug":"raccordement","status":"publish","type":"page","link":"https:\/\/sibam89.fr\/?page_id=36","title":{"rendered":"RACCORDEMENT"},"content":{"rendered":"<div class=\"flex_column av_one_full  flex_column_div av-zero-column-padding first  \" style='border-radius:0px; '><section class=\"av_textblock_section \"  itemscope=\"itemscope\" itemtype=\"https:\/\/schema.org\/CreativeWork\" ><div class='avia_textblock  '   itemprop=\"text\" ><h1 style=\"text-align: center;\"><span style=\"color: #005db4;\"><strong><span style=\"font-family: arial, helvetica, sans-serif; font-size: 18pt;\">Raccords d&rsquo;accouplement<br \/>\n<\/span><\/strong><\/span><\/h1>\n<\/div><\/section><br \/>\n<div style=' margin-top:0px; margin-bottom:20px;'  class='hr hr-custom hr-center hr-icon-no  '><span class='hr-inner   inner-border-av-border-fat' style=' width:150px; border-color:#005db4;' ><span class='hr-inner-style'><\/span><\/span><\/div><br \/>\n<section class=\"av_textblock_section \"  itemscope=\"itemscope\" itemtype=\"https:\/\/schema.org\/CreativeWork\" ><div class='avia_textblock  '   itemprop=\"text\" ><p style=\"text-align: justify;\"><span style=\"font-family: arial, helvetica, sans-serif; font-size: 13pt;\">Quelque soit votre fluide, sa pression et sa temp\u00e9rature, nous vous trouverons toujours le raccord ad\u00e9quate. Qu&rsquo;il doive \u00eatre provisoire ou d\u00e9finitif, \u00eatre \u00e0 compression, \u00eatre rapide, sym\u00e9trique ou tournant, nous vous proposons tous les profils connus.<\/span><\/p>\n<\/div><\/section><\/p><\/div><div class=\"flex_column av_one_full  flex_column_div av-zero-column-padding first  \" style='border-radius:0px; '><div class='avia-gallery  avia-gallery-1 avia_lazyload avia_animate_when_visible '  itemprop=\"ImageObject\" itemscope=\"itemscope\" itemtype=\"https:\/\/schema.org\/ImageObject\" ><div class='avia-gallery-thumb'> <a href='https:\/\/sibam89.fr\/wp-content\/uploads\/2018\/05\/36-deublin-Serie-55-1.jpg' data-rel='gallery-1' data-prev-img='https:\/\/sibam89.fr\/wp-content\/uploads\/2018\/05\/36-deublin-Serie-55-1.jpg' class='first_thumb avianolink noLightbox ' data-onclick='1' title=''  itemprop=\"thumbnailUrl\" ><img  src='https:\/\/sibam89.fr\/wp-content\/uploads\/2018\/05\/36-deublin-Serie-55-1.jpg' width='300' height='300'  title='36-deublin-Serie-55-(1)' alt='' \/><\/a> <a href='https:\/\/sibam89.fr\/wp-content\/uploads\/2018\/05\/37-deublin-2.jpg' data-rel='gallery-1' data-prev-img='https:\/\/sibam89.fr\/wp-content\/uploads\/2018\/05\/37-deublin-2.jpg' class='avianolink noLightbox ' data-onclick='2' title=''  itemprop=\"thumbnailUrl\" ><img  src='https:\/\/sibam89.fr\/wp-content\/uploads\/2018\/05\/37-deublin-2.jpg' width='300' height='300'  title='37-deublin--(2)' alt='' \/><\/a> <a href='https:\/\/sibam89.fr\/wp-content\/uploads\/2018\/05\/38-eaton-coupleur-Ensemble-m\u00e2le-femelle-acier-H5000-sans-CR6.jpg' data-rel='gallery-1' data-prev-img='https:\/\/sibam89.fr\/wp-content\/uploads\/2018\/05\/38-eaton-coupleur-Ensemble-m\u00e2le-femelle-acier-H5000-sans-CR6.jpg' class='avianolink noLightbox ' data-onclick='3' title=''  itemprop=\"thumbnailUrl\" ><img  src='https:\/\/sibam89.fr\/wp-content\/uploads\/2018\/05\/38-eaton-coupleur-Ensemble-m\u00e2le-femelle-acier-H5000-sans-CR6.jpg' width='300' height='300'  title='38-eaton-coupleur-Ensemble-m\u00e2le-femelle-acier-H5000-sans-CR6' alt='' \/><\/a> <a href='https:\/\/sibam89.fr\/wp-content\/uploads\/2018\/05\/39-coupleur-sym.jpg' data-rel='gallery-1' data-prev-img='https:\/\/sibam89.fr\/wp-content\/uploads\/2018\/05\/39-coupleur-sym.jpg' class='avianolink noLightbox ' data-onclick='4' title=''  itemprop=\"thumbnailUrl\" ><img  src='https:\/\/sibam89.fr\/wp-content\/uploads\/2018\/05\/39-coupleur-sym.jpg' width='300' height='300'  title='39-coupleur-sym' alt='' \/><\/a> <a href='https:\/\/sibam89.fr\/wp-content\/uploads\/2018\/05\/39-Z-SFERACO-864.jpg' data-rel='gallery-1' data-prev-img='https:\/\/sibam89.fr\/wp-content\/uploads\/2018\/05\/39-Z-SFERACO-864.jpg' class='avianolink noLightbox ' data-onclick='5' title=''  itemprop=\"thumbnailUrl\" ><img  src='https:\/\/sibam89.fr\/wp-content\/uploads\/2018\/05\/39-Z-SFERACO-864.jpg' width='300' height='300'  title='39-Z-SFERACO-864' alt='' \/><\/a> <a href='https:\/\/sibam89.fr\/wp-content\/uploads\/2018\/05\/44-Z-SFERACO-1403.jpg' data-rel='gallery-1' data-prev-img='https:\/\/sibam89.fr\/wp-content\/uploads\/2018\/05\/44-Z-SFERACO-1403.jpg' class='avianolink noLightbox ' data-onclick='6' title=''  itemprop=\"thumbnailUrl\" ><img  src='https:\/\/sibam89.fr\/wp-content\/uploads\/2018\/05\/44-Z-SFERACO-1403.jpg' width='300' height='300'  title='44-Z-SFERACO-1403' alt='' \/><\/a><\/div><\/div><\/div><\/p>\n<div class=\"flex_column av_one_full  flex_column_div av-zero-column-padding first  \" style='border-radius:0px; '><section class=\"av_textblock_section \"  itemscope=\"itemscope\" itemtype=\"https:\/\/schema.org\/CreativeWork\" ><div class='avia_textblock  '   itemprop=\"text\" ><h1 style=\"text-align: center;\"><span style=\"color: #005db4;\"><strong><span style=\"font-family: arial, helvetica, sans-serif; font-size: 18pt;\">R\u00e9alisation de r\u00e9seau<br \/>\n<\/span><\/strong><\/span><\/h1>\n<\/div><\/section><br \/>\n<div style=' margin-top:0px; margin-bottom:20px;'  class='hr hr-custom hr-center hr-icon-no  '><span class='hr-inner   inner-border-av-border-fat' style=' width:150px; border-color:#005db4;' ><span class='hr-inner-style'><\/span><\/span><\/div><br \/>\n<section class=\"av_textblock_section \"  itemscope=\"itemscope\" itemtype=\"https:\/\/schema.org\/CreativeWork\" ><div class='avia_textblock  '   itemprop=\"text\" ><p style=\"text-align: justify;\"><span style=\"font-family: arial, helvetica, sans-serif; font-size: 13pt;\">A visser, \u00e0 joint, \u00e0 sertir, \u00e0 souder ou \u00e0 coller, en cuivre, en laiton, en fonte, en acier, en inox ou en mati\u00e8re plastique polym\u00e8re, nous pouvons r\u00e9pondre \u00e0 toutes vos sollicitations pour la r\u00e9alisation de vos r\u00e9seaux de transport de fluides.<\/span><\/p>\n<\/div><\/section><\/p><\/div>\n<div class=\"flex_column av_one_full  flex_column_div av-zero-column-padding first  \" style='border-radius:0px; '><div class='avia-gallery  avia-gallery-2 avia_lazyload avia_animate_when_visible '  itemprop=\"ImageObject\" itemscope=\"itemscope\" itemtype=\"https:\/\/schema.org\/ImageObject\" ><div class='avia-gallery-thumb'> <a href='https:\/\/sibam89.fr\/wp-content\/uploads\/2018\/05\/40-PAGE-PRESENTATION-INOX.jpg' data-rel='gallery-2' data-prev-img='https:\/\/sibam89.fr\/wp-content\/uploads\/2018\/05\/40-PAGE-PRESENTATION-INOX-266x400.jpg' class='first_thumb lightbox ' data-onclick='1' title=''  itemprop=\"thumbnailUrl\" ><img  src='https:\/\/sibam89.fr\/wp-content\/uploads\/2018\/05\/40-PAGE-PRESENTATION-INOX.jpg' width='266' height='400'  title='40-PAGE-PRESENTATION-INOX' alt='' \/><\/a> <a href='https:\/\/sibam89.fr\/wp-content\/uploads\/2018\/05\/41-PAGE-PRESENTATION-ACIERS.jpg' data-rel='gallery-2' data-prev-img='https:\/\/sibam89.fr\/wp-content\/uploads\/2018\/05\/41-PAGE-PRESENTATION-ACIERS-282x400.jpg' class='lightbox ' data-onclick='2' title=''  itemprop=\"thumbnailUrl\" ><img  src='https:\/\/sibam89.fr\/wp-content\/uploads\/2018\/05\/41-PAGE-PRESENTATION-ACIERS.jpg' width='282' height='424'  title='41-PAGE-PRESENTATION-ACIERS' alt='' \/><\/a> <a href='https:\/\/sibam89.fr\/wp-content\/uploads\/2018\/05\/43-PAGE-PRESENTATION-RACC-RAINURES.jpg' data-rel='gallery-2' data-prev-img='https:\/\/sibam89.fr\/wp-content\/uploads\/2018\/05\/43-PAGE-PRESENTATION-RACC-RAINURES.jpg' class='lightbox ' data-onclick='3' title=''  itemprop=\"thumbnailUrl\" ><img  src='https:\/\/sibam89.fr\/wp-content\/uploads\/2018\/05\/43-PAGE-PRESENTATION-RACC-RAINURES.jpg' width='264' height='395'  title='43-PAGE-PRESENTATION-RACC-RAINURES' alt='' \/><\/a> <a href='https:\/\/sibam89.fr\/wp-content\/uploads\/2018\/05\/42-PAGE-PRESENTATION-LAITON.jpg' data-rel='gallery-2' data-prev-img='https:\/\/sibam89.fr\/wp-content\/uploads\/2018\/05\/42-PAGE-PRESENTATION-LAITON-282x400.jpg' class='lightbox ' data-onclick='4' title=''  itemprop=\"thumbnailUrl\" ><img  src='https:\/\/sibam89.fr\/wp-content\/uploads\/2018\/05\/42-PAGE-PRESENTATION-LAITON.jpg' width='282' height='422'  title='42-PAGE-PRESENTATION-LAITON' alt='' \/><\/a> <a href='https:\/\/sibam89.fr\/wp-content\/uploads\/2018\/05\/44-PAGE-PRESENTATION-JR.jpg' data-rel='gallery-2' data-prev-img='https:\/\/sibam89.fr\/wp-content\/uploads\/2018\/05\/44-PAGE-PRESENTATION-JR-282x400.jpg' class='lightbox ' data-onclick='5' title=''  itemprop=\"thumbnailUrl\" ><img  src='https:\/\/sibam89.fr\/wp-content\/uploads\/2018\/05\/44-PAGE-PRESENTATION-JR.jpg' width='282' height='424'  title='Atusa' alt='' \/><\/a><\/div><\/div><\/div>\n","protected":false},"excerpt":{"rendered":"","protected":false},"author":1,"featured_media":0,"parent":28,"menu_order":0,"comment_status":"closed","ping_status":"closed","template":"","meta":{"footnotes":""},"class_list":["post-36","page","type-page","status-publish","hentry"],"_links":{"self":[{"href":"https:\/\/sibam89.fr\/index.php?rest_route=\/wp\/v2\/pages\/36","targetHints":{"allow":["GET"]}}],"collection":[{"href":"https:\/\/sibam89.fr\/index.php?rest_route=\/wp\/v2\/pages"}],"about":[{"href":"https:\/\/sibam89.fr\/index.php?rest_route=\/wp\/v2\/types\/page"}],"author":[{"embeddable":true,"href":"https:\/\/sibam89.fr\/index.php?rest_route=\/wp\/v2\/users\/1"}],"replies":[{"embeddable":true,"href":"https:\/\/sibam89.fr\/index.php?rest_route=%2Fwp%2Fv2%2Fcomments&post=36"}],"version-history":[{"count":11,"href":"https:\/\/sibam89.fr\/index.php?rest_route=\/wp\/v2\/pages\/36\/revisions"}],"predecessor-version":[{"id":1273,"href":"https:\/\/sibam89.fr\/index.php?rest_route=\/wp\/v2\/pages\/36\/revisions\/1273"}],"up":[{"embeddable":true,"href":"https:\/\/sibam89.fr\/index.php?rest_route=\/wp\/v2\/pages\/28"}],"wp:attachment":[{"href":"https:\/\/sibam89.fr\/index.php?rest_route=%2Fwp%2Fv2%2Fmedia&parent=36"}],"curies":[{"name":"wp","href":"https:\/\/api.w.org\/{rel}","templated":true}]}}