{"id":26,"date":"2018-04-27T08:19:00","date_gmt":"2018-04-27T06:19:00","guid":{"rendered":"http:\/\/sibam89.fr\/?page_id=26"},"modified":"2018-05-22T17:57:02","modified_gmt":"2018-05-22T15:57:02","slug":"fumisterie","status":"publish","type":"page","link":"https:\/\/sibam89.fr\/?page_id=26","title":{"rendered":"FUMISTERIE"},"content":{"rendered":"<div class=\"flex_column av_one_full  flex_column_div av-zero-column-padding first  \" style='border-radius:0px; '><p><div  data-size='no scaling'  data-lightbox_size='large'  data-animation='slide'  data-ids='1025'  data-video_counter='0'  data-autoplay='false'  data-bg_slider='false'  data-slide_height=''  data-handle='av_slideshow'  data-interval='5'  data-class=' '  data-css_id=''  data-scroll_down=''  data-control_layout='av-control-default'  data-custom_markup=''  data-perma_caption=''  data-autoplay_stopper=''  data-image_attachment=''  data-min_height='0px'  class='avia-slideshow avia-slideshow-1  av-control-default av-default-height-applied avia-slideshow-no scaling av_slideshow   avia-slide-slider '  itemprop=\"ImageObject\" itemscope=\"itemscope\" itemtype=\"https:\/\/schema.org\/ImageObject\" ><ul class='avia-slideshow-inner' style='padding-bottom: 30.625%;'><li  class=' av-single-slide slide-1 ' ><div data-rel='slideshow-1' class='avia-slide-wrap'  ><img src='https:\/\/sibam89.fr\/wp-content\/uploads\/2018\/05\/1-1.jpg' width='960' height='294' title='1' alt=''  itemprop=\"thumbnailUrl\"   \/><\/div><\/li><\/ul><\/div><br \/>\n<div style='height:30px' class='hr hr-invisible  '><span class='hr-inner ' ><span class='hr-inner-style'><\/span><\/span><\/div><br \/>\n<section class=\"av_textblock_section \"  itemscope=\"itemscope\" itemtype=\"https:\/\/schema.org\/CreativeWork\" ><div class='avia_textblock  '   itemprop=\"text\" ><h1><span style=\"font-size: 18pt; color: #005db4;\"><strong><span style=\"font-family: arial, helvetica, sans-serif;\">Son histoire<br \/>\n<\/span><\/strong><\/span><\/h1>\n<\/div><\/section><br \/>\n<div style=' margin-top:0px; margin-bottom:20px;'  class='hr hr-custom hr-left hr-icon-no  '><span class='hr-inner   inner-border-av-border-fat' style=' width:150px; border-color:#005db4;' ><span class='hr-inner-style'><\/span><\/span><\/div><br \/>\n<section class=\"av_textblock_section \"  itemscope=\"itemscope\" itemtype=\"https:\/\/schema.org\/CreativeWork\" ><div class='avia_textblock  '   itemprop=\"text\" ><p style=\"text-align: justify;\"><span style=\"font-family: arial, helvetica, sans-serif; font-size: 13pt;\">Dinak est une entreprise europ\u00e9enne ayant\u00a0 <strong>30 ans d&rsquo;exp\u00e9rience<\/strong> sur le march\u00e9, dynamique et <strong>en t\u00eate de son secteur<\/strong>. Cette entreprise d\u00e9bute son activit\u00e9 en 1983, et devient rapidement le premier fabricant espagnol de chemin\u00e9es modulaires en acier inoxydable. Elle est sp\u00e9cialiste de la <strong>conception, de la fabrication et de l&rsquo;installation de chemin\u00e9es modulaires domestiques et industrielles, de chemin\u00e9es autoportantes ainsi que de syst\u00e8mes g\u00e9n\u00e9raux d&rsquo;a\u00e9ration.<\/strong><\/span><\/p>\n<p style=\"text-align: justify;\"><span style=\"font-family: arial, helvetica, sans-serif; font-size: 13pt; color: #005db4;\"><strong>\u201cDinak repr\u00e9sente les valeurs les plus claires de l\u2019innovation et de l\u2019orientation du client au sein de son secteur\u201d<\/strong><\/span><\/p>\n<p style=\"text-align: justify;\"><span style=\"font-family: arial, helvetica, sans-serif; font-size: 13pt;\">Depuis son origine, elle consid\u00e8re qu&rsquo;elle doit avoir un <strong>produit techniquement excellent<\/strong>, avec <strong>toutes les garanties de qualit\u00e9<\/strong> et <strong>un service<\/strong> qui fasse la diff\u00e9rence sur le march\u00e9. C\u2019est avec cette philosophie qu&rsquo;elle se d\u00e9veloppe et consolide sa position comme <strong>leader sur le march\u00e9 espagnol<\/strong> jusqu&rsquo;en 1993, date \u00e0 laquelle elle entreprend son expansion internationale, avec sa d\u00e9l\u00e9gation de Lyon en <strong>France<\/strong>. Ensuite elle multiplie les ouvertures de filiales en <strong>Italie, en Belgique, en Allemagne, au Royaume Uni et en Pologne<\/strong>.<\/span><\/p>\n<p style=\"text-align: justify;\"><span style=\"font-family: arial, helvetica, sans-serif; font-size: 13pt;\">Aujourd&rsquo;hui, Dinak est une entreprise pr\u00e9sente \u00e0 l&rsquo;international, dans <strong>7 pays<\/strong> avec sa propre organisation et sur <strong>plus de 24 march\u00e9s<\/strong> par l\u2019interm\u00e9diaire de ses collaborateurs.<\/span><\/p>\n<\/div><\/section><\/p><\/div><div style='height:30px' class='hr hr-invisible  '><span class='hr-inner ' ><span class='hr-inner-style'><\/span><\/span><\/div><\/p>\n<div class='flex_column_table av-equal-height-column-flextable -flextable' ><div class=\"flex_column av_one_fourth  flex_column_table_cell av-equal-height-column av-align-top av-zero-column-padding first  \" style='border-radius:0px; '><div class='avia-image-container  av-styling-    avia-align-left '  itemprop=\"ImageObject\" itemscope=\"itemscope\" itemtype=\"https:\/\/schema.org\/ImageObject\"  ><div class='avia-image-container-inner'><div class='avia-image-overlay-wrap'><img class='avia_image ' src='https:\/\/sibam89.fr\/wp-content\/uploads\/2018\/05\/14-A-DINAK-montage_chauffage-1.jpg' alt='' title='A-TGEN-FR-120_1a2' height=\"3880\"width=\"1902\"  itemprop=\"thumbnailUrl\"  \/><\/div><\/div><\/div><\/div><\/div><!--close column table wrapper. Autoclose: 1 -->\n<div class='flex_column_table av-equal-height-column-flextable -flextable' ><div class='av-flex-placeholder'><\/div><div class=\"flex_column av_three_fourth  flex_column_table_cell av-equal-height-column av-align-top av-zero-column-padding   \" style='border-radius:0px; '><section class=\"av_textblock_section \"  itemscope=\"itemscope\" itemtype=\"https:\/\/schema.org\/CreativeWork\" ><div class='avia_textblock  '   itemprop=\"text\" ><h1><span style=\"font-size: 18pt; color: #005db4;\"><strong><span style=\"font-family: arial, helvetica, sans-serif;\">Sa philosophie<br \/>\n<\/span><\/strong><\/span><\/h1>\n<\/div><\/section><br \/>\n<div style=' margin-top:0px; margin-bottom:20px;'  class='hr hr-custom hr-left hr-icon-no  '><span class='hr-inner   inner-border-av-border-fat' style=' width:150px; border-color:#005db4;' ><span class='hr-inner-style'><\/span><\/span><\/div><br \/>\n<section class=\"av_textblock_section \"  itemscope=\"itemscope\" itemtype=\"https:\/\/schema.org\/CreativeWork\" ><div class='avia_textblock  '   itemprop=\"text\" ><p style=\"text-align: justify;\"><span style=\"font-family: arial, helvetica, sans-serif; font-size: 13pt;\">Dinak sait que l&rsquo;exp\u00e9rience acquise n&rsquo;est pas suffisante pour garantir son leadership et elle est fid\u00e8le \u00e0 <strong>l&rsquo;engagement d&rsquo;effort, d&rsquo;innovation et de d\u00e9passement<\/strong> permanent qui guide son entreprise : <strong><em>cr\u00e9er un produit techniquement excellent et offrir un service qui la diff\u00e9rencie sur le march\u00e9.<\/em><\/strong><\/span><\/p>\n<p style=\"text-align: justify;\"><span style=\"color: #005db4;\"><strong><span style=\"font-family: arial, helvetica, sans-serif; font-size: 13pt;\">\u201cDINAK est une marque, un produit, une philosophie et une r\u00e9ponse aux n\u00e9cessit\u00e9s du client\u201d<\/span><\/strong><\/span><\/p>\n<p style=\"text-align: justify;\"><span style=\"font-family: arial, helvetica, sans-serif; font-size: 13pt;\">Avec une \u00e9quipe qui <strong>encourage l&rsquo;esprit d&rsquo;entreprendre, le professionnalisme, l&rsquo;implication et l&rsquo;enthousiasme des personnes<\/strong> qui en font partie, elle travaille chaque jour en se fixant des objectifs que, elle le sait,\u00a0 elle ne peut pas encore atteindre parce qu&rsquo;elle est consciente du fait que si elle s&rsquo;engage \u00e0 les atteindre, elle peut obtenir de meilleurs r\u00e9sultats que ceux qui \u00e9taient attendus.<\/span><\/p>\n<p style=\"text-align: justify;\"><span style=\"font-family: arial, helvetica, sans-serif; font-size: 13pt;\"><strong>Innovation, qualit\u00e9, service et adaptation<\/strong> sont les mots clefs de son quotidien : elle d\u00e9veloppe son portefeuille de produits en innovant et en essayant de couvrir tous les segments du march\u00e9, depuis l&rsquo;installation chez les particuliers la plus simple, jusqu&rsquo;\u00e0 l&rsquo;installation industrielle la plus complexe. Elle propose des solutions globales \u00e0 un <strong>prix comp\u00e9titif<\/strong>, avec <strong>toutes les garanties de qualit\u00e9<\/strong> et un <strong>service int\u00e9gral d\u2019aide et de consultation pour ses clients.<\/strong><\/span><\/p>\n<p style=\"text-align: justify;\"><span style=\"font-family: arial, helvetica, sans-serif; font-size: 13pt;\">C\u2019est sa <strong>capacit\u00e9 d&rsquo;adaptation aux diff\u00e9rents march\u00e9s<\/strong> qui fait de son entreprise l&rsquo;une des meilleures du secteur. Le mim\u00e9tisme avec les march\u00e9s nationaux se fait gr\u00e2ce \u00e0 ses d\u00e9l\u00e9gations et \u00e0 ses \u00e9quipes commerciales qui, dans chaque pays, m\u00e8nent \u00e0 bien l&rsquo;adaptation de ses produits et de ses proc\u00e9d\u00e9s au <strong>\u00ab\u00a0go\u00fbt local\u00a0\u00bb<\/strong>. <\/span><\/p>\n<\/div><\/section><\/p><\/div><\/div><!--close column table wrapper. Autoclose: 1 --><div style='height:30px' class='hr hr-invisible  '><span class='hr-inner ' ><span class='hr-inner-style'><\/span><\/span><\/div><\/p>\n<div class='flex_column_table av-equal-height-column-flextable -flextable' ><div class=\"flex_column av_two_third  flex_column_table_cell av-equal-height-column av-align-top av-zero-column-padding first  \" style='border-radius:0px; '><section class=\"av_textblock_section \"  itemscope=\"itemscope\" itemtype=\"https:\/\/schema.org\/CreativeWork\" ><div class='avia_textblock  '   itemprop=\"text\" ><h1><span style=\"font-size: 18pt; color: #005db4;\"><strong><span style=\"font-family: arial, helvetica, sans-serif;\">Ses certificats<br \/>\n<\/span><\/strong><\/span><\/h1>\n<\/div><\/section><br \/>\n<div style=' margin-top:0px; margin-bottom:20px;'  class='hr hr-custom hr-left hr-icon-no  '><span class='hr-inner   inner-border-av-border-fat' style=' width:150px; border-color:#005db4;' ><span class='hr-inner-style'><\/span><\/span><\/div><br \/>\n<section class=\"av_textblock_section \"  itemscope=\"itemscope\" itemtype=\"https:\/\/schema.org\/CreativeWork\" ><div class='avia_textblock  '   itemprop=\"text\" ><p style=\"text-align: justify;\"><span style=\"font-family: arial, helvetica, sans-serif; font-size: 13pt;\">Tous nos produits sont de marquage CE (par le T\u00dcV de Munich), ils ont obtenu le marquage volontaire T\u00dcV et disposent, de plus, des certificats particuliers de chaque pays o\u00f9 nous travaillons.<\/span><\/p>\n<p style=\"text-align: justify;\"><span style=\"font-family: arial, helvetica, sans-serif; font-size: 13pt;\">Nous encourageons activement les normes de notre secteur en participant aux diff\u00e9rentes institutions de Normalisation comme le Comit\u00e9 Europ\u00e9en de Normalisation des Chemin\u00e9es M\u00e9talliques, l&rsquo;Association Espagnole de Fabricants de Chemin\u00e9es (AFECH) et l&rsquo;Association Europ\u00e9enne de Chemin\u00e9es (ECA).<\/span><\/p>\n<\/div><\/section><\/p><\/div><\/div><!--close column table wrapper. Autoclose: 1 -->\n<div class='flex_column_table av-equal-height-column-flextable -flextable' ><div class='av-flex-placeholder'><\/div><div class=\"flex_column av_one_third  flex_column_table_cell av-equal-height-column av-align-top av-zero-column-padding   \" style='border-radius:0px; '><div class='avia-image-container  av-styling-    avia-align-right '  itemprop=\"ImageObject\" itemscope=\"itemscope\" itemtype=\"https:\/\/schema.org\/ImageObject\"  ><div class='avia-image-container-inner'><div class='avia-image-overlay-wrap'><img class='avia_image ' src='https:\/\/sibam89.fr\/wp-content\/uploads\/2018\/05\/certificado.jpg' alt='' title='certificado' height=\"300\"width=\"450\"  itemprop=\"thumbnailUrl\"  \/><\/div><\/div><\/div><\/div><\/div><!--close column table wrapper. Autoclose: 1 -->\n<div class=\"flex_column av_one_full  flex_column_div av-zero-column-padding first  \" style='border-radius:0px; '><div class='avia-image-container  av-styling-  noHover  av-overlay-on-hover   avia-align-center '  itemprop=\"ImageObject\" itemscope=\"itemscope\" itemtype=\"https:\/\/schema.org\/ImageObject\"  ><div class='avia-image-container-inner'><div class='avia-image-overlay-wrap'><a href='http:\/\/www.dinakcheminees.com\/r-d-i\/les-catalogues-produits.html' class='avia_image'   target=\"_blank\" ><div class='av-image-caption-overlay'><div class='av-caption-image-overlay-bg' style='opacity:0.3; background-color:#005db4; '><\/div><div class='av-image-caption-overlay-position'><div class='av-image-caption-overlay-center' style='color:#005eb4; font-size:40px; '><p>LIEN<\/p>\n<\/div><\/div><\/div><img class='avia_image ' src='https:\/\/sibam89.fr\/wp-content\/uploads\/2018\/05\/logo.gif' alt='' title='logo'  itemprop=\"thumbnailUrl\"  \/><\/a><\/div><\/div><\/div><\/div>\n","protected":false},"excerpt":{"rendered":"","protected":false},"author":1,"featured_media":0,"parent":21,"menu_order":0,"comment_status":"closed","ping_status":"closed","template":"","meta":{"footnotes":""},"class_list":["post-26","page","type-page","status-publish","hentry"],"_links":{"self":[{"href":"https:\/\/sibam89.fr\/index.php?rest_route=\/wp\/v2\/pages\/26","targetHints":{"allow":["GET"]}}],"collection":[{"href":"https:\/\/sibam89.fr\/index.php?rest_route=\/wp\/v2\/pages"}],"about":[{"href":"https:\/\/sibam89.fr\/index.php?rest_route=\/wp\/v2\/types\/page"}],"author":[{"embeddable":true,"href":"https:\/\/sibam89.fr\/index.php?rest_route=\/wp\/v2\/users\/1"}],"replies":[{"embeddable":true,"href":"https:\/\/sibam89.fr\/index.php?rest_route=%2Fwp%2Fv2%2Fcomments&post=26"}],"version-history":[{"count":34,"href":"https:\/\/sibam89.fr\/index.php?rest_route=\/wp\/v2\/pages\/26\/revisions"}],"predecessor-version":[{"id":1039,"href":"https:\/\/sibam89.fr\/index.php?rest_route=\/wp\/v2\/pages\/26\/revisions\/1039"}],"up":[{"embeddable":true,"href":"https:\/\/sibam89.fr\/index.php?rest_route=\/wp\/v2\/pages\/21"}],"wp:attachment":[{"href":"https:\/\/sibam89.fr\/index.php?rest_route=%2Fwp%2Fv2%2Fmedia&parent=26"}],"curies":[{"name":"wp","href":"https:\/\/api.w.org\/{rel}","templated":true}]}}