{"id":21,"date":"2018-04-27T08:17:07","date_gmt":"2018-04-27T06:17:07","guid":{"rendered":"http:\/\/sibam89.fr\/?page_id=21"},"modified":"2018-06-11T14:55:22","modified_gmt":"2018-06-11T12:55:22","slug":"a-propos","status":"publish","type":"page","link":"https:\/\/sibam89.fr\/?page_id=21","title":{"rendered":"CHAUFFAGE"},"content":{"rendered":"<div class=\"flex_column av_three_fifth  flex_column_div av-zero-column-padding first  \" style='border-radius:0px; '><section class=\"av_textblock_section \"  itemscope=\"itemscope\" itemtype=\"https:\/\/schema.org\/CreativeWork\" ><div class='avia_textblock  '   itemprop=\"text\" ><h1><span style=\"color: #005db4;\"><strong><span style=\"font-family: arial, helvetica, sans-serif; font-size: 18pt;\">Etude thermique compl\u00e8te<br \/>\n<\/span><\/strong><\/span><\/h1>\n<\/div><\/section><br \/>\n<div style=' margin-top:0px; margin-bottom:20px;'  class='hr hr-custom hr-left hr-icon-no  '><span class='hr-inner   inner-border-av-border-fat' style=' width:150px; border-color:#005db4;' ><span class='hr-inner-style'><\/span><\/span><\/div><br \/>\n<section class=\"av_textblock_section \"  itemscope=\"itemscope\" itemtype=\"https:\/\/schema.org\/CreativeWork\" ><div class='avia_textblock  '  style='font-size:13px; '  itemprop=\"text\" ><p style=\"text-align: justify;\"><span style=\"font-family: arial, helvetica, sans-serif; font-size: 13pt;\">Afin de vous conseiller au mieux sur la d\u00e9termination de votre installation de chauffage ou de climatisation, la S.I.B.A.M. 89, \u00a0avec votre collaboration, r\u00e9alisera une \u00e9tude thermique compl\u00e8te personnalis\u00e9e compos\u00e9e\u00a0:<\/span><\/p>\n<ul style=\"list-style-type: disc;\">\n<li style=\"text-align: justify;\"><span style=\"font-family: arial, helvetica, sans-serif; font-size: 13pt;\">de la note de calcul des apports ou des d\u00e9perditions calorifiques permettant de d\u00e9terminer la puissance totale \u00e0 installer,<\/span><\/li>\n<li style=\"text-align: justify;\"><span style=\"font-family: arial, helvetica, sans-serif; font-size: 13pt;\">du choix de l\u2019\u00e9nergie en fonction de la situation du b\u00e2timent, de son utilisation, de sa v\u00e9tust\u00e9 &#8230;<br \/>\n<\/span><\/li>\n<li style=\"text-align: justify;\"><span style=\"font-family: arial, helvetica, sans-serif; font-size: 13pt;\">de la d\u00e9termination du g\u00e9n\u00e9rateur de chaleur et de ses options,<\/span><\/li>\n<li><span style=\"font-family: arial, helvetica, sans-serif; font-size: 13pt;\">du choix de la r\u00e9gulation,<\/span><\/li>\n<li style=\"text-align: justify;\"><span style=\"font-family: arial, helvetica, sans-serif; font-size: 13pt;\">du dimensionnement des \u00e9metteurs pi\u00e8ce par pi\u00e8ce,<\/span><\/li>\n<li style=\"text-align: justify;\"><span style=\"font-family: arial, helvetica, sans-serif; font-size: 13pt;\">du sch\u00e9ma optimis\u00e9 sur plan du r\u00e9seau de distribution du fluide caloporteur.<\/span><\/li>\n<\/ul>\n<\/div><\/section><\/p><\/div>\n<div class=\"flex_column av_two_fifth  av-animated-generic pop-up  flex_column_div av-zero-column-padding   \" style='border-radius:0px; '><div  data-size='large'  data-lightbox_size='large'  data-animation='fade'  data-ids='973,974,483,480,481'  data-video_counter='0'  data-autoplay='true'  data-bg_slider='false'  data-slide_height=''  data-handle='av_slideshow'  data-interval='3'  data-class=' '  data-css_id=''  data-scroll_down=''  data-control_layout='av-control-default'  data-custom_markup=''  data-perma_caption=''  data-autoplay_stopper=''  data-image_attachment=''  data-min_height='0px'  class='avia-slideshow avia-slideshow-1  av-control-default av-default-height-applied avia-slideshow-large av_slideshow   avia-fade-slider '  itemprop=\"ImageObject\" itemscope=\"itemscope\" itemtype=\"https:\/\/schema.org\/ImageObject\" ><ul class='avia-slideshow-inner' style='padding-bottom: 100%;'><li  class=' slide-1 ' ><div data-rel='slideshow-1' class='avia-slide-wrap'  ><img src='https:\/\/sibam89.fr\/wp-content\/uploads\/2018\/05\/mezzatech-bureau-etudes.jpg' width='800' height='800' title='mezzatech-bureau-etudes' alt=''  itemprop=\"thumbnailUrl\"   \/><\/div><\/li><li  class=' slide-2 ' ><div data-rel='slideshow-1' class='avia-slide-wrap'  ><img src='https:\/\/sibam89.fr\/wp-content\/uploads\/2018\/05\/isolation-et-deperdition-dans-votre-maison.jpg' width='800' height='800' title='isolation-et-deperdition-dans-votre-maison' alt=''  itemprop=\"thumbnailUrl\"   \/><\/div><\/li><li  class=' slide-3 ' ><div data-rel='slideshow-1' class='avia-slide-wrap'  ><img src='https:\/\/sibam89.fr\/wp-content\/uploads\/2018\/05\/\u25b3T50\u25b3T52\u00c9TAPEN\u00b06-CHOIXDESRADIATEURS\u2013CALCULDUDELTAT.jpg' width='960' height='960' title='\u25b3T+=+50+\u25b3T+=+52+\u00c9TAPE+N\u00b06 +CHOIX+DES+RADIATEURS+\u2013+CALCUL+DU+DELTA+T' alt=''  itemprop=\"thumbnailUrl\"   \/><\/div><\/li><li  class=' slide-4 ' ><div data-rel='slideshow-1' class='avia-slide-wrap'  ><img src='https:\/\/sibam89.fr\/wp-content\/uploads\/2018\/05\/radiateurs-duneii.jpg' width='800' height='800' title='radiateurs-duneii' alt=''  itemprop=\"thumbnailUrl\"   \/><\/div><\/li><li  class=' slide-5 ' ><div data-rel='slideshow-1' class='avia-slide-wrap'  ><img src='https:\/\/sibam89.fr\/wp-content\/uploads\/2018\/05\/plan-reseau-chauffage.jpg' width='961' height='961' title='plan reseau chauffage' alt=''  itemprop=\"thumbnailUrl\"   \/><\/div><\/li><\/ul><div class='avia-slideshow-arrows avia-slideshow-controls'><a href='#prev' class='prev-slide' aria-hidden='true' data-av_icon='\ue87c' data-av_iconfont='entypo-fontello'>Pr\u00e9c\u00e9dent<\/a><a href='#next' class='next-slide' aria-hidden='true' data-av_icon='\ue87d' data-av_iconfont='entypo-fontello'>Suivant<\/a><\/div><div class='avia-slideshow-dots avia-slideshow-controls'><a href='#1' class='goto-slide active' >1<\/a><a href='#2' class='goto-slide ' >2<\/a><a href='#3' class='goto-slide ' >3<\/a><a href='#4' class='goto-slide ' >4<\/a><a href='#5' class='goto-slide ' >5<\/a><\/div><\/div><\/div>\n<div style='height:20px' class='hr hr-invisible  '><span class='hr-inner ' ><span class='hr-inner-style'><\/span><\/span><\/div>\n<div class=\"flex_column av_one_full  flex_column_div av-zero-column-padding first  \" style='border-radius:0px; '><section class=\"av_textblock_section \"  itemscope=\"itemscope\" itemtype=\"https:\/\/schema.org\/CreativeWork\" ><div class='avia_textblock  '   itemprop=\"text\" ><h1><span style=\"color: #005db4;\"><strong><span style=\"font-family: arial, helvetica, sans-serif; font-size: 18pt;\">Conseil et pr\u00e9conisation du mat\u00e9riel<br \/>\n<\/span><\/strong><\/span><\/h1>\n<\/div><\/section><br \/>\n<div style=' margin-top:0px; margin-bottom:20px;'  class='hr hr-custom hr-left hr-icon-no  '><span class='hr-inner   inner-border-av-border-fat' style=' width:150px; border-color:#005db4;' ><span class='hr-inner-style'><\/span><\/span><\/div><br \/>\n<section class=\"av_textblock_section \"  itemscope=\"itemscope\" itemtype=\"https:\/\/schema.org\/CreativeWork\" ><div class='avia_textblock  '   itemprop=\"text\" ><p><span style=\"font-family: arial, helvetica, sans-serif; font-size: 13pt;\">Suite \u00e0 notre \u00e9tude thermique et avec votre collaboration, nous sommes en mesure de d&rsquo;\u00e9num\u00e9rer l&rsquo;ensemble du mat\u00e9riel n\u00e9cessaire \u00e0 la r\u00e9alisation de votre projet.<\/span><\/p>\n<\/div><\/section><\/p><\/div>\n","protected":false},"excerpt":{"rendered":"","protected":false},"author":1,"featured_media":0,"parent":15,"menu_order":0,"comment_status":"closed","ping_status":"closed","template":"","meta":{"footnotes":""},"class_list":["post-21","page","type-page","status-publish","hentry"],"_links":{"self":[{"href":"https:\/\/sibam89.fr\/index.php?rest_route=\/wp\/v2\/pages\/21","targetHints":{"allow":["GET"]}}],"collection":[{"href":"https:\/\/sibam89.fr\/index.php?rest_route=\/wp\/v2\/pages"}],"about":[{"href":"https:\/\/sibam89.fr\/index.php?rest_route=\/wp\/v2\/types\/page"}],"author":[{"embeddable":true,"href":"https:\/\/sibam89.fr\/index.php?rest_route=\/wp\/v2\/users\/1"}],"replies":[{"embeddable":true,"href":"https:\/\/sibam89.fr\/index.php?rest_route=%2Fwp%2Fv2%2Fcomments&post=21"}],"version-history":[{"count":27,"href":"https:\/\/sibam89.fr\/index.php?rest_route=\/wp\/v2\/pages\/21\/revisions"}],"predecessor-version":[{"id":1665,"href":"https:\/\/sibam89.fr\/index.php?rest_route=\/wp\/v2\/pages\/21\/revisions\/1665"}],"up":[{"embeddable":true,"href":"https:\/\/sibam89.fr\/index.php?rest_route=\/wp\/v2\/pages\/15"}],"wp:attachment":[{"href":"https:\/\/sibam89.fr\/index.php?rest_route=%2Fwp%2Fv2%2Fmedia&parent=21"}],"curies":[{"name":"wp","href":"https:\/\/api.w.org\/{rel}","templated":true}]}}