{"id":195,"date":"2018-04-30T18:03:31","date_gmt":"2018-04-30T16:03:31","guid":{"rendered":"http:\/\/sibam89.fr\/?page_id=195"},"modified":"2024-09-18T08:10:21","modified_gmt":"2024-09-18T06:10:21","slug":"sibam-89","status":"publish","type":"page","link":"https:\/\/sibam89.fr\/?page_id=195","title":{"rendered":"S.I.B.A.M. 89"},"content":{"rendered":"<div class=\"flex_column av_one_half  flex_column_div av-zero-column-padding first  \" style='border-radius:0px; '><div id='av_gmap_1' class='avia-google-map-container ' data-mapid='1' style='height: 300px;'><\/div><\/div>\n\n\n<div class=\"flex_column av_one_half  flex_column_div av-zero-column-padding   \" style='border-radius:0px; '><section class=\"av_textblock_section \"  itemscope=\"itemscope\" itemtype=\"https:\/\/schema.org\/CreativeWork\" ><div class='avia_textblock  '   itemprop=\"text\" ><h1><strong><span style=\"font-family: arial,helvetica,sans-serif; color: #005db4; font-size: 18px;\"><span style=\"font-size: 14pt;\">O\u00f9 nous trouver ?<\/span><br \/>\n<\/span><\/strong><\/h1>\n<\/div><\/section><br \/>\n<div style=' margin-top:0px; margin-bottom:20px;'  class='hr hr-custom hr-left hr-icon-no  '><span class='hr-inner   inner-border-av-border-fat' style=' width:150px; border-color:#005db4;' ><span class='hr-inner-style'><\/span><\/span><\/div><br \/>\n<section class=\"av_textblock_section \"  itemscope=\"itemscope\" itemtype=\"https:\/\/schema.org\/CreativeWork\" ><div class='avia_textblock  '  style='font-size:13px; '  itemprop=\"text\" ><p style=\"text-align: justify;\"><span style=\"font-size: 13pt; font-family: arial, helvetica, sans-serif;\">Notre agence, comptoir et stock se situent dans la moiti\u00e9 nord du d\u00e9partement de l&rsquo;Yonne (89), ce qui nous permet de rayonner sur une zone de chalandise d&rsquo;environ 80 km autour de Joigny en une heure de route.<\/span><\/p>\n<p style=\"text-align: justify;\"><span style=\"font-family: arial, helvetica, sans-serif; font-size: 13pt;\">Notre ind\u00e9pendance et notre structure \u00e0 taille humaine facilite notre grande <span style=\"color: #005db4;\"><strong>flexibilit\u00e9<\/strong><\/span> et <span style=\"color: #005db4;\"><strong>r\u00e9activit\u00e9<\/strong><\/span>. Notre exp\u00e9rience garantit et cautionne notre <span style=\"color: #005db4;\"><strong>analyse<\/strong><\/span>, notre <span style=\"color: #005db4;\"><strong>expertise<\/strong><\/span> et notre <span style=\"color: #005db4;\"><strong>comp\u00e9tence<\/strong><\/span>.<\/span><\/p>\n<\/div><\/section><\/p><\/div>\n\n\n<div  class='hr hr-default  '><span class='hr-inner ' ><span class='hr-inner-style'><\/span><\/span><\/div>\n\n\n<div class='flex_column_table av-equal-height-column-flextable -flextable' ><div class=\"flex_column av_one_third  flex_column_table_cell av-equal-height-column av-align-top first  \" style='padding:0px 0px 10px 0px ; border-radius:0px; '><p><div class='avia-image-container  av-styling-    avia-align-center '  itemprop=\"ImageObject\" itemscope=\"itemscope\" itemtype=\"https:\/\/schema.org\/ImageObject\"  ><div class='avia-image-container-inner'><div class='avia-image-overlay-wrap'><img class='avia_image ' src='https:\/\/sibam89.fr\/wp-content\/uploads\/2018\/06\/20180530_164918.jpg' alt='' title='20180530_164918' height=\"844\"width=\"1500\"  itemprop=\"thumbnailUrl\"  \/><\/div><\/div><\/div><br \/>\n<div style='height:15px' class='hr hr-invisible  '><span class='hr-inner ' ><span class='hr-inner-style'><\/span><\/span><\/div><br \/>\n<section class=\"av_textblock_section \"  itemscope=\"itemscope\" itemtype=\"https:\/\/schema.org\/CreativeWork\" ><div class='avia_textblock  '   itemprop=\"text\" ><h1 style=\"text-align: center;\"><span style=\"font-size: 14pt;\"><strong><span style=\"font-family: arial, helvetica, sans-serif;\">L&rsquo;Entreprise<\/span><\/strong><\/span><\/h1>\n<\/div><\/section><br \/>\n<section class=\"av_textblock_section \"  itemscope=\"itemscope\" itemtype=\"https:\/\/schema.org\/CreativeWork\" ><div class='avia_textblock  '  style='font-size:13px; '  itemprop=\"text\" ><p style=\"text-align: justify;\"><span style=\"font-family: arial, helvetica, sans-serif; font-size: 12pt;\">La <span style=\"color: #005db4;\"><strong>S.I.B.A.M. 89<\/strong><\/span>, <span style=\"color: #005db4;\"><strong>S<\/strong><\/span>oci\u00e9t\u00e9 d\u2019<span style=\"color: #005db4;\"><strong>I<\/strong><\/span>nstallation de <span style=\"color: #005db4;\"><strong>B<\/strong><\/span>r\u00fbleurs <span style=\"color: #005db4;\"><strong>A<\/strong> <strong>M<\/strong><\/span>azout, f\u00fbt cr\u00e9\u00e9e en 1974 \u00e0 Joigny dans l&rsquo;Yonne (<span style=\"color: #005db4;\"><strong>89<\/strong><\/span>) par M. POUILLEUX. L\u2019activit\u00e9 de cette entreprise familiale ind\u00e9pendante a \u00e9volu\u00e9 au cours des d\u00e9cennies pour se sp\u00e9cialiser aujourd\u2019hui dans la distribution des mat\u00e9riels de chauffage et le transport et la r\u00e9gulation des fluides industriels.<\/span><\/p>\n<\/div><\/section><\/p><\/div><\/div><!--close column table wrapper. Autoclose: 1 -->\n\n\n<div class='flex_column_table av-equal-height-column-flextable -flextable' ><div class='av-flex-placeholder'><\/div><div class=\"flex_column av_one_third  flex_column_table_cell av-equal-height-column av-align-top av-zero-column-padding   \" style='border-radius:0px; '><p><div class='avia-image-container  av-styling-    avia-align-center '  itemprop=\"ImageObject\" itemscope=\"itemscope\" itemtype=\"https:\/\/schema.org\/ImageObject\"  ><div class='avia-image-container-inner'><div class='avia-image-overlay-wrap'><img class='avia_image ' src='https:\/\/sibam89.fr\/wp-content\/uploads\/2018\/05\/20180516_104350.jpg' alt='' title='20180516_104350' height=\"844\"width=\"1500\"  itemprop=\"thumbnailUrl\"  \/><\/div><\/div><\/div><br \/>\n<div style='height:15px' class='hr hr-invisible  '><span class='hr-inner ' ><span class='hr-inner-style'><\/span><\/span><\/div><br \/>\n<section class=\"av_textblock_section \"  itemscope=\"itemscope\" itemtype=\"https:\/\/schema.org\/CreativeWork\" ><div class='avia_textblock  '   itemprop=\"text\" ><h1 style=\"text-align: center;\"><strong><span style=\"font-family: arial, helvetica, sans-serif; font-size: 18pt;\"><span style=\"font-size: 14pt;\">Notre M\u00e9tier<\/span><br \/>\n<\/span><\/strong><\/h1>\n<\/div><\/section><br \/>\n<section class=\"av_textblock_section \"  itemscope=\"itemscope\" itemtype=\"https:\/\/schema.org\/CreativeWork\" ><div class='avia_textblock  '  style='font-size:13px; '  itemprop=\"text\" ><p style=\"text-align: justify;\"><span style=\"font-family: arial, helvetica, sans-serif; font-size: 13pt;\"><span style=\"color: #005db4;\"><strong>Distribution de produits de chauffage, climatisation et plomberie :<\/strong><\/span> Chaudi\u00e8res, br\u00fbleurs, pompes \u00e0 chaleur, circulateurs, robinetterie, r\u00e9gulation, \u00e9metteurs de chaleur, ventilation, plomberie sanitaire&#8230; destin\u00e9s aux installations individuelles, collectives ou industrielles.<br \/>\n<\/span><\/p>\n<p style=\"text-align: justify;\"><span style=\"font-family: arial, helvetica, sans-serif; font-size: 13pt;\"><span style=\"color: #005db4;\"><strong>Distribution de produits industriels multi-marques :<\/strong><\/span> hydraulique, pneumatique, tuyauterie, robinetterie, raccords industriels, flexibles, caoutchouc et plastiques industriels, r\u00e9gulation&#8230; <\/span><\/p>\n<p style=\"text-align: justify;\"><span style=\"font-family: arial, helvetica, sans-serif;\">\u00a0<\/span><\/p>\n<\/div><\/section><\/p><\/div><\/div><!--close column table wrapper. Autoclose: 1 -->\n\n\n<div class='flex_column_table av-equal-height-column-flextable -flextable' ><div class='av-flex-placeholder'><\/div><div class=\"flex_column av_one_third  flex_column_table_cell av-equal-height-column av-align-top av-zero-column-padding   \" style='border-radius:0px; '><p><div class='avia-image-container  av-styling-    avia-align-center '  itemprop=\"ImageObject\" itemscope=\"itemscope\" itemtype=\"https:\/\/schema.org\/ImageObject\"  ><div class='avia-image-container-inner'><div class='avia-image-overlay-wrap'><img class='avia_image ' src='https:\/\/sibam89.fr\/wp-content\/uploads\/2018\/05\/20180516_104831.jpg' alt='' title='20180516_104831' height=\"844\"width=\"1500\"  itemprop=\"thumbnailUrl\"  \/><\/div><\/div><\/div><br \/>\n<div style='height:15px' class='hr hr-invisible  '><span class='hr-inner ' ><span class='hr-inner-style'><\/span><\/span><\/div><br \/>\n<section class=\"av_textblock_section \"  itemscope=\"itemscope\" itemtype=\"https:\/\/schema.org\/CreativeWork\" ><div class='avia_textblock  '   itemprop=\"text\" ><h1 style=\"text-align: center;\"><strong><span style=\"font-family: arial, helvetica, sans-serif; font-size: 18pt;\"><span style=\"font-size: 14pt;\">Notre \u00e9quipe<\/span><br \/>\n<\/span><\/strong><\/h1>\n<\/div><\/section><br \/>\n<section class=\"av_textblock_section \"  itemscope=\"itemscope\" itemtype=\"https:\/\/schema.org\/CreativeWork\" ><div class='avia_textblock  '  style='font-size:13px; '  itemprop=\"text\" ><p style=\"text-align: justify;\"><span style=\"font-family: arial, helvetica, sans-serif;\"><span style=\"font-size: 12pt;\">La <span style=\"color: #005db4;\"><strong>S.I.B.A.M. 89<\/strong><\/span>, aujourd\u2019hui c\u2019est une \u00e9quipe de <span style=\"color: #005db4;\"><strong>5 collaborateurs<\/strong><\/span> sp\u00e9cialistes \u00e0 votre service pour <strong><span style=\"color: #005db4;\">analyser<\/span><\/strong> vos probl\u00e9matiques, vous <strong><span style=\"color: #005db4;\">conseiller<\/span><\/strong> dans la <span style=\"color: #005db4;\"><strong>conception<\/strong><\/span> de vos installations, <span style=\"color: #005db4;\"><strong>calculer<\/strong><\/span>, <span style=\"color: #005db4;\"><strong>s\u00e9lectionner<\/strong><\/span> et <span style=\"color: #005db4;\"><strong>d\u00e9terminer<\/strong><\/span> chacun des organes qui les composent.<\/span><br \/>\n<\/span><\/p>\n<\/div><\/section><\/p><\/div><\/div><!--close column table wrapper. Autoclose: 1 -->\n","protected":false},"excerpt":{"rendered":"","protected":false},"author":1,"featured_media":0,"parent":0,"menu_order":0,"comment_status":"closed","ping_status":"closed","template":"","meta":{"footnotes":""},"class_list":["post-195","page","type-page","status-publish","hentry"],"_links":{"self":[{"href":"https:\/\/sibam89.fr\/index.php?rest_route=\/wp\/v2\/pages\/195","targetHints":{"allow":["GET"]}}],"collection":[{"href":"https:\/\/sibam89.fr\/index.php?rest_route=\/wp\/v2\/pages"}],"about":[{"href":"https:\/\/sibam89.fr\/index.php?rest_route=\/wp\/v2\/types\/page"}],"author":[{"embeddable":true,"href":"https:\/\/sibam89.fr\/index.php?rest_route=\/wp\/v2\/users\/1"}],"replies":[{"embeddable":true,"href":"https:\/\/sibam89.fr\/index.php?rest_route=%2Fwp%2Fv2%2Fcomments&post=195"}],"version-history":[{"count":67,"href":"https:\/\/sibam89.fr\/index.php?rest_route=\/wp\/v2\/pages\/195\/revisions"}],"predecessor-version":[{"id":1732,"href":"https:\/\/sibam89.fr\/index.php?rest_route=\/wp\/v2\/pages\/195\/revisions\/1732"}],"wp:attachment":[{"href":"https:\/\/sibam89.fr\/index.php?rest_route=%2Fwp%2Fv2%2Fmedia&parent=195"}],"curies":[{"name":"wp","href":"https:\/\/api.w.org\/{rel}","templated":true}]}}