{"id":1464,"date":"2018-09-28T09:43:02","date_gmt":"2018-09-28T07:43:02","guid":{"rendered":"http:\/\/sibam89.fr\/?page_id=1464"},"modified":"2025-03-21T10:44:08","modified_gmt":"2025-03-21T09:44:08","slug":"promos-du-mois","status":"publish","type":"page","link":"https:\/\/sibam89.fr\/?page_id=1464","title":{"rendered":"PROMOS DU MOIS"},"content":{"rendered":"\n\n\n<details class=\"wp-block-details is-layout-flow wp-block-details-is-layout-flow\"><summary><\/summary><div class=\"flex_column av_one_full  flex_column_div av-zero-column-padding first  \" style='border-radius:0px; '><div class='avia-image-container  av-styling-    avia-align-center '  itemprop=\"ImageObject\" itemscope=\"itemscope\" itemtype=\"https:\/\/schema.org\/ImageObject\"  ><div class='avia-image-container-inner'><div class='avia-image-overlay-wrap'><img class='avia_image ' src='https:\/\/sibam89.fr\/wp-content\/uploads\/2021\/06\/PROMO-POIRES-2021.jpg' alt='' title='PROMO POIRES 2021' height=\"3508\"width=\"2481\"  itemprop=\"thumbnailUrl\"  \/><\/div><\/div><\/div><\/div>\n<\/details>\n\n\n<div class=\"flex_column av_one_full  flex_column_div av-zero-column-padding first  \" style='border-radius:0px; '><section class=\"av_textblock_section \"  itemscope=\"itemscope\" itemtype=\"https:\/\/schema.org\/CreativeWork\" ><div class='avia_textblock  '   itemprop=\"text\" ><p style=\"text-align: center;\"><span style=\"font-family: arial black, sans-serif; font-size: 24pt; color: #005db4;\">Climatiseur mobile monobloc r\u00e9versible<\/span><\/p>\n<p style=\"text-align: center;\"><span style=\"font-family: arial black, sans-serif; font-size: 24pt; color: #005db4;\">marque RIELLO\u00a0 puissance 3,3 kW<\/span><\/p>\n<p style=\"text-align: center;\"><span style=\"font-family: arial black, sans-serif; font-size: 24pt; color: #005db4;\">\u00e0 530 \u20ac\u00a0 P.U. H.T.<\/span><\/p>\n<\/div><\/section><\/div>\n\n\n<div class=\"flex_column av_one_half  flex_column_div av-zero-column-padding first  \" style='border-radius:0px; '><p><div class='avia-image-container  av-styling-    avia-align-center '  itemprop=\"ImageObject\" itemscope=\"itemscope\" itemtype=\"https:\/\/schema.org\/ImageObject\"  ><div class='avia-image-container-inner'><div class='avia-image-overlay-wrap'><img class='avia_image ' src='https:\/\/sibam89.fr\/wp-content\/uploads\/2020\/07\/096eb73c703f22027c9f056a26bb9274-jpg-square-650x650.jpg' alt='' title='096eb73c703f22027c9f056a26bb9274-jpg-square-650x650' height=\"650\"width=\"650\"  itemprop=\"thumbnailUrl\"  \/><\/div><\/div><\/div><br \/>\n<div style='height:50px' class='hr hr-invisible  '><span class='hr-inner ' ><span class='hr-inner-style'><\/span><\/span><\/div><br \/>\n<div class='avia-image-container avia_animated_image avia_animate_when_almost_visible pop-up av-styling- av-hover-grow   avia-align-center '  itemprop=\"ImageObject\" itemscope=\"itemscope\" itemtype=\"https:\/\/schema.org\/ImageObject\"  ><div class='avia-image-container-inner'><div class='avia-image-overlay-wrap'><a href='https:\/\/www.riello.com\/france\/produits\/catalogue-des-chauffages\/aaria-amp_R-FR-PL-0011040?k=Product+Line%7CR-FR-PL-0011262%7C-&amp;key=Product+Line%7CR-FR-PL-0011040%7C-' class='avia_image'   target=\"_blank\" ><img class='avia_image ' src='https:\/\/sibam89.fr\/wp-content\/uploads\/2020\/07\/PAR_0_____184178_.jpg' alt='' title='PAR_0_____184178_'  itemprop=\"thumbnailUrl\"  \/><\/a><\/div><\/div><\/div><br \/>\n<div style='height:30px' class='hr hr-invisible  '><span class='hr-inner ' ><span class='hr-inner-style'><\/span><\/span><\/div><br \/>\n<section class=\"av_textblock_section \"  itemscope=\"itemscope\" itemtype=\"https:\/\/schema.org\/CreativeWork\" ><div class='avia_textblock  '   itemprop=\"text\" ><p style=\"text-align: center;\"><a href=\"http:\/\/sibam89.fr\/wp-content\/uploads\/2020\/07\/riello-installation-manual-rev0-1-pdf.pdf\" target=\"_blank\" rel=\"noopener\"><span style=\"font-family: arial, helvetica, sans-serif;\"><span style=\"font-size: 13pt;\"><strong>T\u00e9l\u00e9charger la documentation technique<\/strong><\/span><\/span><\/a><\/p>\n<\/div><\/section><\/p><\/div>\n\n\n<div class=\"flex_column av_one_half  flex_column_div av-zero-column-padding   \" style='border-radius:0px; '><section class=\"av_textblock_section \"  itemscope=\"itemscope\" itemtype=\"https:\/\/schema.org\/CreativeWork\" ><div class='avia_textblock  '   itemprop=\"text\" ><h3>Design discret et \u00e9pur\u00e9, le mobile Carrier sait se faire oublier pour s\u2019int\u00e9grer \u00e0 tous les int\u00e9rieurs<\/h3>\n<p><strong>Caract\u00e9ristiques techniques : <\/strong><\/p>\n<ul>\n<li>Puissance frigorifi que : 3,3Kw<\/li>\n<li>Puissance absorb\u00e9e en froid : 1,35Kw<\/li>\n<li>Plage de fonctionnement : +17 \u00e0 +35\u00b0C<\/li>\n<li>Classe \u00e9nerg\u00e9tique : A<\/li>\n<li>EER : 2,6W\/W<\/li>\n<li>D\u00e9shumidifi cation : 1,3l\/h<\/li>\n<li>Intensit\u00e9 nominale en froid : 5,9A<\/li>\n<li>Charge r\u00e9frig\u00e9rant R410A : 0,41kg<\/li>\n<li>Dimensions (HxLxP) : 765 x 466 x 397mm<\/li>\n<li>Poids : 32,5kg<\/li>\n<li>Alimentation \u00e9lectrique :\u00a0 220-240V<\/li>\n<li>Pression sonore c\u00f4t\u00e9 int\u00e9rieur (min\/med\/max) :\u00a0 49\/51\/53 dB(A)<\/li>\n<li>Puissance sonore c\u00f4t\u00e9 ext\u00e9rieur : 65 dB(A)<\/li>\n<li>Diam\u00e8tre tube \u00e9vacuation (int\/ext):\u00a0 130\/150mm<\/li>\n<li>D\u00e9bit d&rsquo;air : 350m3\/h<\/li>\n<\/ul>\n<p><em>Pour pi\u00e8ce de 120 \u00e0 150m2<\/em><\/p>\n<p><strong>Le principal avantage du climatiseur mobile AARIA :<\/strong><\/p>\n<ul>\n<li>Sa simplicit\u00e9 : n&rsquo;\u00e9tant pas fix\u00e9, il s&rsquo;installe en quelques minutes et est transportable.<\/li>\n<li>Gr\u00e2ce \u00e0 ses 4 roulettes et \u00e0 ses poign\u00e9es, il est possible de le d\u00e9placer d&rsquo;une pi\u00e8ce \u00e0 une autre en fonction de l&rsquo;occupation. C&rsquo;est la solution flexible pour rafraichir les maisons ou les petits bureaux en \u00e9t\u00e9.<\/li>\n<li>Il est livr\u00e9 avec un kit de raccordement et la r\u00e9gulation s&rsquo;effectue \u00e0 l&rsquo;aide d&rsquo;une t\u00e9l\u00e9commande intra-rouge sans fil.<\/li>\n<\/ul>\n<p><strong>Garantie :<br \/>\n<\/strong>3 ans pi\u00e8ces<br \/>\n5ans pi\u00e8ces compresseurs.<\/p>\n<\/div><\/section><\/div>\n\n\n<div class=\"flex_column av_one_full  flex_column_div av-zero-column-padding first  \" style='border-radius:0px; '><p><div class='avia-image-container  av-styling-    avia-align-center '  itemprop=\"ImageObject\" itemscope=\"itemscope\" itemtype=\"https:\/\/schema.org\/ImageObject\"  ><div class='avia-image-container-inner'><div class='avia-image-overlay-wrap'><img class='avia_image ' src='https:\/\/sibam89.fr\/wp-content\/uploads\/2019\/11\/CF_BR_IT_W_FR_10_19_Rev1_Page_1.jpg' alt='' title='CF_BR_IT_W_FR_10_19_Rev1_Page_1' height=\"3233\"width=\"2481\"  itemprop=\"thumbnailUrl\"  \/><\/div><\/div><\/div><br \/>\n<div class='avia-image-container  av-styling-    avia-align-center '  itemprop=\"ImageObject\" itemscope=\"itemscope\" itemtype=\"https:\/\/schema.org\/ImageObject\"  ><div class='avia-image-container-inner'><div class='avia-image-overlay-wrap'><img class='avia_image ' src='https:\/\/sibam89.fr\/wp-content\/uploads\/2019\/11\/CF_BR_IT_W_FR_10_19_Rev1_Page_2.jpg' alt='' title='CF_BR_IT_W_FR_10_19_Rev1_Page_2' height=\"2941\"width=\"2475\"  itemprop=\"thumbnailUrl\"  \/><\/div><\/div><\/div><\/p><\/div>\n\n\n<div  class='hr hr-default  '><span class='hr-inner ' ><span class='hr-inner-style'><\/span><\/span><\/div>\n\n\n<div class=\"flex_column av_one_full  flex_column_div av-zero-column-padding first  \" style='border-radius:0px; '><section class=\"av_textblock_section \"  itemscope=\"itemscope\" itemtype=\"https:\/\/schema.org\/CreativeWork\" ><div class='avia_textblock  '   itemprop=\"text\" ><p style=\"text-align: center;\"><span style=\"font-size: 36pt;\"><strong><span style=\"font-family: arial, helvetica, sans-serif; color: #ff0000;\">Promotion de JUIN<\/span><\/strong><\/span><\/p>\n<p style=\"text-align: center;\"><strong><span style=\"font-family: arial, helvetica, sans-serif; font-size: 18pt; color: #005db4;\">Adoucisseur Swan Mini 10L \u00e0 500 euros net H.T.<\/span><\/strong><\/p>\n<p style=\"text-align: center;\"><strong><span style=\"font-family: arial, helvetica, sans-serif; font-size: 18pt; color: #005db4;\">avec une valise de test TH offerte<\/span><\/strong><\/p>\n<\/div><\/section><\/div>\n\n\n<div style='height:50px' class='hr hr-invisible  '><span class='hr-inner ' ><span class='hr-inner-style'><\/span><\/span><\/div>\n\n\n<div class='avia-image-container  av-styling-    avia-align-center '  itemprop=\"ImageObject\" itemscope=\"itemscope\" itemtype=\"https:\/\/schema.org\/ImageObject\"  ><div class='avia-image-container-inner'><div class='avia-image-overlay-wrap'><img class='avia_image ' src='https:\/\/sibam89.fr\/wp-content\/uploads\/2019\/06\/PLAQUETTE_SWAN_Partie1.jpg' alt='' title='PLAQUETTE_SWAN_Partie1' height=\"3508\"width=\"2481\"  itemprop=\"thumbnailUrl\"  \/><\/div><\/div><\/div>\n\n\n<div class='avia-image-container  av-styling-    avia-align-center '  itemprop=\"ImageObject\" itemscope=\"itemscope\" itemtype=\"https:\/\/schema.org\/ImageObject\"  ><div class='avia-image-container-inner'><div class='avia-image-overlay-wrap'><img class='avia_image ' src='https:\/\/sibam89.fr\/wp-content\/uploads\/2019\/06\/PLAQUETTE_SWAN_Partie2.jpg' alt='' title='PLAQUETTE_SWAN_Partie2' height=\"3508\"width=\"2481\"  itemprop=\"thumbnailUrl\"  \/><\/div><\/div><\/div>\n\n\n<div style='height:50px' class='hr hr-invisible  '><span class='hr-inner ' ><span class='hr-inner-style'><\/span><\/span><\/div>\n\n\n<div class='avia-image-container  av-styling-    avia-align-center '  itemprop=\"ImageObject\" itemscope=\"itemscope\" itemtype=\"https:\/\/schema.org\/ImageObject\"  ><div class='avia-image-container-inner'><div class='avia-image-overlay-wrap'><img class='avia_image ' src='https:\/\/sibam89.fr\/wp-content\/uploads\/2019\/05\/poele-a-granuleS.jpg' alt='' title='poele-a-granuleS' height=\"2848\"width=\"2050\"  itemprop=\"thumbnailUrl\"  \/><\/div><\/div><\/div>\n\n\n<div style='height:50px' class='hr hr-invisible  '><span class='hr-inner ' ><span class='hr-inner-style'><\/span><\/span><\/div>\n\n\n<div class='avia-image-container  av-styling-    avia-align-center '  itemprop=\"ImageObject\" itemscope=\"itemscope\" itemtype=\"https:\/\/schema.org\/ImageObject\"  ><div class='avia-image-container-inner'><div class='avia-image-overlay-wrap'><img class='avia_image ' src='https:\/\/sibam89.fr\/wp-content\/uploads\/2019\/05\/Promo-outillage-clim-2019.jpg' alt='' title='Promo-outillage-clim-2019' height=\"1692\"width=\"1200\"  itemprop=\"thumbnailUrl\"  \/><\/div><\/div><\/div>\n\n\n<div style='height:50px' class='hr hr-invisible  '><span class='hr-inner ' ><span class='hr-inner-style'><\/span><\/span><\/div>\n\n\n<div class='avia-image-container  av-styling-    avia-align-center '  itemprop=\"ImageObject\" itemscope=\"itemscope\" itemtype=\"https:\/\/schema.org\/ImageObject\"  ><div class='avia-image-container-inner'><div class='avia-image-overlay-wrap'><img class='avia_image ' src='https:\/\/sibam89.fr\/wp-content\/uploads\/2019\/04\/a1.jpg' alt='' title='a1' height=\"1701\"width=\"1191\"  itemprop=\"thumbnailUrl\"  \/><\/div><\/div><\/div>\n\n\n<div class='avia-image-container  av-styling-    avia-align-center '  itemprop=\"ImageObject\" itemscope=\"itemscope\" itemtype=\"https:\/\/schema.org\/ImageObject\"  ><div class='avia-image-container-inner'><div class='avia-image-overlay-wrap'><img class='avia_image ' src='https:\/\/sibam89.fr\/wp-content\/uploads\/2019\/04\/a2.jpg' alt='' title='a2' height=\"1701\"width=\"1191\"  itemprop=\"thumbnailUrl\"  \/><\/div><\/div><\/div>\n\n\n<div class='avia-image-container  av-styling-    avia-align-center '  itemprop=\"ImageObject\" itemscope=\"itemscope\" itemtype=\"https:\/\/schema.org\/ImageObject\"  ><div class='avia-image-container-inner'><div class='avia-image-overlay-wrap'><img class='avia_image ' src='https:\/\/sibam89.fr\/wp-content\/uploads\/2019\/04\/a3.jpg' alt='' title='a3' height=\"1725\"width=\"1190\"  itemprop=\"thumbnailUrl\"  \/><\/div><\/div><\/div>\n\n\n<div class='avia-image-container  av-styling-    avia-align-center '  itemprop=\"ImageObject\" itemscope=\"itemscope\" itemtype=\"https:\/\/schema.org\/ImageObject\"  ><div class='avia-image-container-inner'><div class='avia-image-overlay-wrap'><img class='avia_image ' src='https:\/\/sibam89.fr\/wp-content\/uploads\/2019\/04\/a4.jpg' alt='' title='a4' height=\"1725\"width=\"1182\"  itemprop=\"thumbnailUrl\"  \/><\/div><\/div><\/div>\n\n\n<div class='avia-image-container  av-styling-    avia-align-center '  itemprop=\"ImageObject\" itemscope=\"itemscope\" itemtype=\"https:\/\/schema.org\/ImageObject\"  ><div class='avia-image-container-inner'><div class='avia-image-overlay-wrap'><img class='avia_image ' src='https:\/\/sibam89.fr\/wp-content\/uploads\/2019\/04\/a5.jpg' alt='' title='a5' height=\"1701\"width=\"1199\"  itemprop=\"thumbnailUrl\"  \/><\/div><\/div><\/div>\n\n\n<div class=\"flex_column av_one_half  flex_column_div av-zero-column-padding first  \" style='border-radius:0px; '><\/div>\n\n\n<div class=\"flex_column av_one_full  flex_column_div av-zero-column-padding first  \" style='border-radius:0px; '><div class='avia-image-container  av-styling-    avia-align-center '  itemprop=\"ImageObject\" itemscope=\"itemscope\" itemtype=\"https:\/\/schema.org\/ImageObject\"  ><div class='avia-image-container-inner'><div class='avia-image-overlay-wrap'><img class='avia_image ' src='https:\/\/sibam89.fr\/wp-content\/uploads\/2021\/06\/PROMO-POIRES-2021.jpg' alt='' title='PROMO POIRES 2021' height=\"3508\"width=\"2481\"  itemprop=\"thumbnailUrl\"  \/><\/div><\/div><\/div><\/div><div class=\"flex_column av_one_full  flex_column_div av-zero-column-padding first  \" style='border-radius:0px; '><section class=\"av_textblock_section \"  itemscope=\"itemscope\" itemtype=\"https:\/\/schema.org\/CreativeWork\" ><div class='avia_textblock  '   itemprop=\"text\" ><p style=\"text-align: center;\"><span style=\"font-family: arial black, sans-serif; font-size: 24pt; color: #005db4;\">Climatiseur mobile monobloc r\u00e9versible<\/span><\/p>\n<p style=\"text-align: center;\"><span style=\"font-family: arial black, sans-serif; font-size: 24pt; color: #005db4;\">marque RIELLO\u00a0 puissance 3,3 kW<\/span><\/p>\n<p style=\"text-align: center;\"><span style=\"font-family: arial black, sans-serif; font-size: 24pt; color: #005db4;\">\u00e0 530 \u20ac\u00a0 P.U. H.T.<\/span><\/p>\n<\/div><\/section><\/div><\/p>\n<div class=\"flex_column av_one_half  flex_column_div av-zero-column-padding first  \" style='border-radius:0px; '><p><div class='avia-image-container  av-styling-    avia-align-center '  itemprop=\"ImageObject\" itemscope=\"itemscope\" itemtype=\"https:\/\/schema.org\/ImageObject\"  ><div class='avia-image-container-inner'><div class='avia-image-overlay-wrap'><img class='avia_image ' src='https:\/\/sibam89.fr\/wp-content\/uploads\/2020\/07\/096eb73c703f22027c9f056a26bb9274-jpg-square-650x650.jpg' alt='' title='096eb73c703f22027c9f056a26bb9274-jpg-square-650x650' height=\"650\"width=\"650\"  itemprop=\"thumbnailUrl\"  \/><\/div><\/div><\/div><br \/>\n<div style='height:50px' class='hr hr-invisible  '><span class='hr-inner ' ><span class='hr-inner-style'><\/span><\/span><\/div><br \/>\n<div class='avia-image-container avia_animated_image avia_animate_when_almost_visible pop-up av-styling- av-hover-grow   avia-align-center '  itemprop=\"ImageObject\" itemscope=\"itemscope\" itemtype=\"https:\/\/schema.org\/ImageObject\"  ><div class='avia-image-container-inner'><div class='avia-image-overlay-wrap'><a href='https:\/\/www.riello.com\/france\/produits\/catalogue-des-chauffages\/aaria-amp_R-FR-PL-0011040?k=Product+Line%7CR-FR-PL-0011262%7C-&amp;key=Product+Line%7CR-FR-PL-0011040%7C-' class='avia_image'   target=\"_blank\" ><img class='avia_image ' src='https:\/\/sibam89.fr\/wp-content\/uploads\/2020\/07\/PAR_0_____184178_.jpg' alt='' title='PAR_0_____184178_'  itemprop=\"thumbnailUrl\"  \/><\/a><\/div><\/div><\/div><br \/>\n<div style='height:30px' class='hr hr-invisible  '><span class='hr-inner ' ><span class='hr-inner-style'><\/span><\/span><\/div><br \/>\n<section class=\"av_textblock_section \"  itemscope=\"itemscope\" itemtype=\"https:\/\/schema.org\/CreativeWork\" ><div class='avia_textblock  '   itemprop=\"text\" ><p style=\"text-align: center;\"><a href=\"http:\/\/sibam89.fr\/wp-content\/uploads\/2020\/07\/riello-installation-manual-rev0-1-pdf.pdf\" target=\"_blank\" rel=\"noopener\"><span style=\"font-family: arial, helvetica, sans-serif;\"><span style=\"font-size: 13pt;\"><strong>T\u00e9l\u00e9charger la documentation technique<\/strong><\/span><\/span><\/a><\/p>\n<\/div><\/section><\/p><\/div>\n<div class=\"flex_column av_one_half  flex_column_div av-zero-column-padding   \" style='border-radius:0px; '><section class=\"av_textblock_section \"  itemscope=\"itemscope\" itemtype=\"https:\/\/schema.org\/CreativeWork\" ><div class='avia_textblock  '   itemprop=\"text\" ><h3>Design discret et \u00e9pur\u00e9, le mobile Carrier sait se faire oublier pour s\u2019int\u00e9grer \u00e0 tous les int\u00e9rieurs<\/h3>\n<p><strong>Caract\u00e9ristiques techniques : <\/strong><\/p>\n<ul>\n<li>Puissance frigorifi que : 3,3Kw<\/li>\n<li>Puissance absorb\u00e9e en froid : 1,35Kw<\/li>\n<li>Plage de fonctionnement : +17 \u00e0 +35\u00b0C<\/li>\n<li>Classe \u00e9nerg\u00e9tique : A<\/li>\n<li>EER : 2,6W\/W<\/li>\n<li>D\u00e9shumidifi cation : 1,3l\/h<\/li>\n<li>Intensit\u00e9 nominale en froid : 5,9A<\/li>\n<li>Charge r\u00e9frig\u00e9rant R410A : 0,41kg<\/li>\n<li>Dimensions (HxLxP) : 765 x 466 x 397mm<\/li>\n<li>Poids : 32,5kg<\/li>\n<li>Alimentation \u00e9lectrique :\u00a0 220-240V<\/li>\n<li>Pression sonore c\u00f4t\u00e9 int\u00e9rieur (min\/med\/max) :\u00a0 49\/51\/53 dB(A)<\/li>\n<li>Puissance sonore c\u00f4t\u00e9 ext\u00e9rieur : 65 dB(A)<\/li>\n<li>Diam\u00e8tre tube \u00e9vacuation (int\/ext):\u00a0 130\/150mm<\/li>\n<li>D\u00e9bit d&rsquo;air : 350m3\/h<\/li>\n<\/ul>\n<p><em>Pour pi\u00e8ce de 120 \u00e0 150m2<\/em><\/p>\n<p><strong>Le principal avantage du climatiseur mobile AARIA :<\/strong><\/p>\n<ul>\n<li>Sa simplicit\u00e9 : n&rsquo;\u00e9tant pas fix\u00e9, il s&rsquo;installe en quelques minutes et est transportable.<\/li>\n<li>Gr\u00e2ce \u00e0 ses 4 roulettes et \u00e0 ses poign\u00e9es, il est possible de le d\u00e9placer d&rsquo;une pi\u00e8ce \u00e0 une autre en fonction de l&rsquo;occupation. C&rsquo;est la solution flexible pour rafraichir les maisons ou les petits bureaux en \u00e9t\u00e9.<\/li>\n<li>Il est livr\u00e9 avec un kit de raccordement et la r\u00e9gulation s&rsquo;effectue \u00e0 l&rsquo;aide d&rsquo;une t\u00e9l\u00e9commande intra-rouge sans fil.<\/li>\n<\/ul>\n<p><strong>Garantie :<br \/><\/strong>3 ans pi\u00e8ces<br \/>5ans pi\u00e8ces compresseurs.<\/p>\n<\/div><\/section><\/div>\n<div class=\"flex_column av_one_full  flex_column_div av-zero-column-padding first  \" style='border-radius:0px; '><p><div class='avia-image-container  av-styling-    avia-align-center '  itemprop=\"ImageObject\" itemscope=\"itemscope\" itemtype=\"https:\/\/schema.org\/ImageObject\"  ><div class='avia-image-container-inner'><div class='avia-image-overlay-wrap'><img class='avia_image ' src='https:\/\/sibam89.fr\/wp-content\/uploads\/2019\/11\/CF_BR_IT_W_FR_10_19_Rev1_Page_1.jpg' alt='' title='CF_BR_IT_W_FR_10_19_Rev1_Page_1' height=\"3233\"width=\"2481\"  itemprop=\"thumbnailUrl\"  \/><\/div><\/div><\/div><br \/>\n<div class='avia-image-container  av-styling-    avia-align-center '  itemprop=\"ImageObject\" itemscope=\"itemscope\" itemtype=\"https:\/\/schema.org\/ImageObject\"  ><div class='avia-image-container-inner'><div class='avia-image-overlay-wrap'><img class='avia_image ' src='https:\/\/sibam89.fr\/wp-content\/uploads\/2019\/11\/CF_BR_IT_W_FR_10_19_Rev1_Page_2.jpg' alt='' title='CF_BR_IT_W_FR_10_19_Rev1_Page_2' height=\"2941\"width=\"2475\"  itemprop=\"thumbnailUrl\"  \/><\/div><\/div><\/div><\/p><\/div>\n<div  class='hr hr-default  '><span class='hr-inner ' ><span class='hr-inner-style'><\/span><\/span><\/div>\n<div class=\"flex_column av_one_full  flex_column_div av-zero-column-padding first  \" style='border-radius:0px; '><section class=\"av_textblock_section \"  itemscope=\"itemscope\" itemtype=\"https:\/\/schema.org\/CreativeWork\" ><div class='avia_textblock  '   itemprop=\"text\" ><p style=\"text-align: center;\"><span style=\"font-size: 36pt;\"><strong><span style=\"font-family: arial, helvetica, sans-serif; color: #ff0000;\">Promotion de JUIN<\/span><\/strong><\/span><\/p>\n<p style=\"text-align: center;\"><strong><span style=\"font-family: arial, helvetica, sans-serif; font-size: 18pt; color: #005db4;\">Adoucisseur Swan Mini 10L \u00e0 500 euros net H.T.<\/span><\/strong><\/p>\n<p style=\"text-align: center;\"><strong><span style=\"font-family: arial, helvetica, sans-serif; font-size: 18pt; color: #005db4;\">avec une valise de test TH offerte<\/span><\/strong><\/p>\n<\/div><\/section><\/div>\n<div style='height:50px' class='hr hr-invisible  '><span class='hr-inner ' ><span class='hr-inner-style'><\/span><\/span><\/div>\n<div class='avia-image-container  av-styling-    avia-align-center '  itemprop=\"ImageObject\" itemscope=\"itemscope\" itemtype=\"https:\/\/schema.org\/ImageObject\"  ><div class='avia-image-container-inner'><div class='avia-image-overlay-wrap'><img class='avia_image ' src='https:\/\/sibam89.fr\/wp-content\/uploads\/2019\/06\/PLAQUETTE_SWAN_Partie1.jpg' alt='' title='PLAQUETTE_SWAN_Partie1' height=\"3508\"width=\"2481\"  itemprop=\"thumbnailUrl\"  \/><\/div><\/div><\/div>\n<div class='avia-image-container  av-styling-    avia-align-center '  itemprop=\"ImageObject\" itemscope=\"itemscope\" itemtype=\"https:\/\/schema.org\/ImageObject\"  ><div class='avia-image-container-inner'><div class='avia-image-overlay-wrap'><img class='avia_image ' src='https:\/\/sibam89.fr\/wp-content\/uploads\/2019\/06\/PLAQUETTE_SWAN_Partie2.jpg' alt='' title='PLAQUETTE_SWAN_Partie2' height=\"3508\"width=\"2481\"  itemprop=\"thumbnailUrl\"  \/><\/div><\/div><\/div>\n<div style='height:50px' class='hr hr-invisible  '><span class='hr-inner ' ><span class='hr-inner-style'><\/span><\/span><\/div>\n<div class='avia-image-container  av-styling-    avia-align-center '  itemprop=\"ImageObject\" itemscope=\"itemscope\" itemtype=\"https:\/\/schema.org\/ImageObject\"  ><div class='avia-image-container-inner'><div class='avia-image-overlay-wrap'><img class='avia_image ' src='https:\/\/sibam89.fr\/wp-content\/uploads\/2019\/05\/poele-a-granuleS.jpg' alt='' title='poele-a-granuleS' height=\"2848\"width=\"2050\"  itemprop=\"thumbnailUrl\"  \/><\/div><\/div><\/div>\n<div style='height:50px' class='hr hr-invisible  '><span class='hr-inner ' ><span class='hr-inner-style'><\/span><\/span><\/div>\n<div class='avia-image-container  av-styling-    avia-align-center '  itemprop=\"ImageObject\" itemscope=\"itemscope\" itemtype=\"https:\/\/schema.org\/ImageObject\"  ><div class='avia-image-container-inner'><div class='avia-image-overlay-wrap'><img class='avia_image ' src='https:\/\/sibam89.fr\/wp-content\/uploads\/2019\/05\/Promo-outillage-clim-2019.jpg' alt='' title='Promo-outillage-clim-2019' height=\"1692\"width=\"1200\"  itemprop=\"thumbnailUrl\"  \/><\/div><\/div><\/div>\n<div style='height:50px' class='hr hr-invisible  '><span class='hr-inner ' ><span class='hr-inner-style'><\/span><\/span><\/div>\n<div class='avia-image-container  av-styling-    avia-align-center '  itemprop=\"ImageObject\" itemscope=\"itemscope\" itemtype=\"https:\/\/schema.org\/ImageObject\"  ><div class='avia-image-container-inner'><div class='avia-image-overlay-wrap'><img class='avia_image ' src='https:\/\/sibam89.fr\/wp-content\/uploads\/2019\/04\/a1.jpg' alt='' title='a1' height=\"1701\"width=\"1191\"  itemprop=\"thumbnailUrl\"  \/><\/div><\/div><\/div>\n<div class='avia-image-container  av-styling-    avia-align-center '  itemprop=\"ImageObject\" itemscope=\"itemscope\" itemtype=\"https:\/\/schema.org\/ImageObject\"  ><div class='avia-image-container-inner'><div class='avia-image-overlay-wrap'><img class='avia_image ' src='https:\/\/sibam89.fr\/wp-content\/uploads\/2019\/04\/a2.jpg' alt='' title='a2' height=\"1701\"width=\"1191\"  itemprop=\"thumbnailUrl\"  \/><\/div><\/div><\/div>\n<div class='avia-image-container  av-styling-    avia-align-center '  itemprop=\"ImageObject\" itemscope=\"itemscope\" itemtype=\"https:\/\/schema.org\/ImageObject\"  ><div class='avia-image-container-inner'><div class='avia-image-overlay-wrap'><img class='avia_image ' src='https:\/\/sibam89.fr\/wp-content\/uploads\/2019\/04\/a3.jpg' alt='' title='a3' height=\"1725\"width=\"1190\"  itemprop=\"thumbnailUrl\"  \/><\/div><\/div><\/div>\n<div class='avia-image-container  av-styling-    avia-align-center '  itemprop=\"ImageObject\" itemscope=\"itemscope\" itemtype=\"https:\/\/schema.org\/ImageObject\"  ><div class='avia-image-container-inner'><div class='avia-image-overlay-wrap'><img class='avia_image ' src='https:\/\/sibam89.fr\/wp-content\/uploads\/2019\/04\/a4.jpg' alt='' title='a4' height=\"1725\"width=\"1182\"  itemprop=\"thumbnailUrl\"  \/><\/div><\/div><\/div>\n<div class='avia-image-container  av-styling-    avia-align-center '  itemprop=\"ImageObject\" itemscope=\"itemscope\" itemtype=\"https:\/\/schema.org\/ImageObject\"  ><div class='avia-image-container-inner'><div class='avia-image-overlay-wrap'><img class='avia_image ' src='https:\/\/sibam89.fr\/wp-content\/uploads\/2019\/04\/a5.jpg' alt='' title='a5' height=\"1701\"width=\"1199\"  itemprop=\"thumbnailUrl\"  \/><\/div><\/div><\/div>\n<div class=\"flex_column av_one_half  flex_column_div av-zero-column-padding first  \" style='border-radius:0px; '><\/div>","protected":false},"excerpt":{"rendered":"","protected":false},"author":1,"featured_media":1763,"parent":0,"menu_order":0,"comment_status":"closed","ping_status":"closed","template":"","meta":{"footnotes":""},"class_list":["post-1464","page","type-page","status-publish","has-post-thumbnail","hentry"],"_links":{"self":[{"href":"https:\/\/sibam89.fr\/index.php?rest_route=\/wp\/v2\/pages\/1464","targetHints":{"allow":["GET"]}}],"collection":[{"href":"https:\/\/sibam89.fr\/index.php?rest_route=\/wp\/v2\/pages"}],"about":[{"href":"https:\/\/sibam89.fr\/index.php?rest_route=\/wp\/v2\/types\/page"}],"author":[{"embeddable":true,"href":"https:\/\/sibam89.fr\/index.php?rest_route=\/wp\/v2\/users\/1"}],"replies":[{"embeddable":true,"href":"https:\/\/sibam89.fr\/index.php?rest_route=%2Fwp%2Fv2%2Fcomments&post=1464"}],"version-history":[{"count":52,"href":"https:\/\/sibam89.fr\/index.php?rest_route=\/wp\/v2\/pages\/1464\/revisions"}],"predecessor-version":[{"id":1764,"href":"https:\/\/sibam89.fr\/index.php?rest_route=\/wp\/v2\/pages\/1464\/revisions\/1764"}],"wp:featuredmedia":[{"embeddable":true,"href":"https:\/\/sibam89.fr\/index.php?rest_route=\/wp\/v2\/media\/1763"}],"wp:attachment":[{"href":"https:\/\/sibam89.fr\/index.php?rest_route=%2Fwp%2Fv2%2Fmedia&parent=1464"}],"curies":[{"name":"wp","href":"https:\/\/api.w.org\/{rel}","templated":true}]}}