{"id":1062,"date":"2018-06-11T14:30:36","date_gmt":"2018-06-11T12:30:36","guid":{"rendered":"http:\/\/sibam89.fr\/?page_id=1062"},"modified":"2019-06-03T14:26:12","modified_gmt":"2019-06-03T12:26:12","slug":"adoucisseur","status":"publish","type":"page","link":"https:\/\/sibam89.fr\/?page_id=1062","title":{"rendered":"ADOUCISSEUR"},"content":{"rendered":"<div class=\"flex_column av_one_third  flex_column_div av-zero-column-padding first  \" style='border-radius:0px; '><div  data-size='no scaling'  data-lightbox_size='large'  data-animation='fade'  data-ids='875,873,877'  data-video_counter='0'  data-autoplay='true'  data-bg_slider='false'  data-slide_height=''  data-handle='av_slideshow'  data-interval='3'  data-class=' '  data-css_id=''  data-scroll_down=''  data-control_layout='av-control-default'  data-custom_markup=''  data-perma_caption=''  data-autoplay_stopper=''  data-image_attachment=''  data-min_height='0px'  class='avia-slideshow avia-slideshow-1  av-control-default av-default-height-applied avia-slideshow-no scaling av_slideshow   avia-fade-slider '  itemprop=\"ImageObject\" itemscope=\"itemscope\" itemtype=\"https:\/\/schema.org\/ImageObject\" ><ul class='avia-slideshow-inner' style='padding-bottom: 100%;'><li  class=' slide-1 ' ><div data-rel='slideshow-1' class='avia-slide-wrap'  ><img src='https:\/\/sibam89.fr\/wp-content\/uploads\/2018\/05\/adoucisseur-bibloc-fleck-5600-sxt-1000x1000.jpg' width='1000' height='1000' title='adoucisseur-bibloc-fleck-5600-sxt--1000x1000' alt=''  itemprop=\"thumbnailUrl\"   \/><\/div><\/li><li  class=' slide-2 ' ><div data-rel='slideshow-1' class='avia-slide-wrap'  ><img src='https:\/\/sibam89.fr\/wp-content\/uploads\/2018\/05\/17-bbis-ADOUCISSEUR-EWT-FAMILLE-SWAN-2.jpg' width='800' height='800' title='17-bbis-ADOUCISSEUR-EWT-FAMILLE-SWAN-(2)' alt=''  itemprop=\"thumbnailUrl\"   \/><\/div><\/li><li  class=' slide-3 ' ><div data-rel='slideshow-1' class='avia-slide-wrap'  ><img src='https:\/\/sibam89.fr\/wp-content\/uploads\/2018\/05\/filtre.jpeg' width='225' height='225' title='filtre' alt=''  itemprop=\"thumbnailUrl\"   \/><\/div><\/li><\/ul><div class='avia-slideshow-arrows avia-slideshow-controls'><a href='#prev' class='prev-slide' aria-hidden='true' data-av_icon='\ue87c' data-av_iconfont='entypo-fontello'>Pr\u00e9c\u00e9dent<\/a><a href='#next' class='next-slide' aria-hidden='true' data-av_icon='\ue87d' data-av_iconfont='entypo-fontello'>Suivant<\/a><\/div><div class='avia-slideshow-dots avia-slideshow-controls'><a href='#1' class='goto-slide active' >1<\/a><a href='#2' class='goto-slide ' >2<\/a><a href='#3' class='goto-slide ' >3<\/a><\/div><\/div><\/div>\n<div class=\"flex_column av_two_third  flex_column_div av-zero-column-padding   \" style='border-radius:0px; '><section class=\"av_textblock_section \"  itemscope=\"itemscope\" itemtype=\"https:\/\/schema.org\/CreativeWork\" ><div class='avia_textblock  '   itemprop=\"text\" ><h1><span style=\"color: rgba(85, 221, 187, 0.267);\"><strong><span style=\"font-family: arial, helvetica, sans-serif; font-size: 24pt;\"><span style=\"font-size: 18pt; color: #005db4;\">Traitement d&rsquo;eau<\/span><br \/>\n<\/span><\/strong><\/span><\/h1>\n<\/div><\/section><br \/>\n<div style=' margin-top:0px; margin-bottom:20px;'  class='hr hr-custom hr-left hr-icon-no  '><span class='hr-inner   inner-border-av-border-fat' style=' width:150px; border-color:#005db4;' ><span class='hr-inner-style'><\/span><\/span><\/div><br \/>\n<section class=\"av_textblock_section \"  itemscope=\"itemscope\" itemtype=\"https:\/\/schema.org\/CreativeWork\" ><div class='avia_textblock  '   itemprop=\"text\" ><p style=\"text-align: justify;\"><span style=\"font-family: arial, helvetica, sans-serif; font-size: 13pt;\">Le calcaire n&rsquo;est pas une fatalit\u00e9. Un millim\u00e8tre de tartre dans un \u00e9changeur provoque une augmentation de la consommation d&rsquo;\u00e9nergie d&rsquo;environ 8%.<\/span><\/p>\n<p style=\"text-align: justify;\"><span style=\"font-family: arial, helvetica, sans-serif; font-size: 13pt;\">Faites des \u00e9conomies d&rsquo;\u00e9nergie tout en optimisant le fonctionnement de vos appareils \u00e9lectro-m\u00e9nag\u00e9s (lave-linge, bouilloire, chauffe-eau, cumulus&#8230;, en abaissant le TH de votre eau.<\/span><\/p>\n<\/div><\/section><\/p><\/div>\n","protected":false},"excerpt":{"rendered":"","protected":false},"author":1,"featured_media":0,"parent":21,"menu_order":0,"comment_status":"closed","ping_status":"closed","template":"","meta":{"footnotes":""},"class_list":["post-1062","page","type-page","status-publish","hentry"],"_links":{"self":[{"href":"https:\/\/sibam89.fr\/index.php?rest_route=\/wp\/v2\/pages\/1062","targetHints":{"allow":["GET"]}}],"collection":[{"href":"https:\/\/sibam89.fr\/index.php?rest_route=\/wp\/v2\/pages"}],"about":[{"href":"https:\/\/sibam89.fr\/index.php?rest_route=\/wp\/v2\/types\/page"}],"author":[{"embeddable":true,"href":"https:\/\/sibam89.fr\/index.php?rest_route=\/wp\/v2\/users\/1"}],"replies":[{"embeddable":true,"href":"https:\/\/sibam89.fr\/index.php?rest_route=%2Fwp%2Fv2%2Fcomments&post=1062"}],"version-history":[{"count":15,"href":"https:\/\/sibam89.fr\/index.php?rest_route=\/wp\/v2\/pages\/1062\/revisions"}],"predecessor-version":[{"id":1595,"href":"https:\/\/sibam89.fr\/index.php?rest_route=\/wp\/v2\/pages\/1062\/revisions\/1595"}],"up":[{"embeddable":true,"href":"https:\/\/sibam89.fr\/index.php?rest_route=\/wp\/v2\/pages\/21"}],"wp:attachment":[{"href":"https:\/\/sibam89.fr\/index.php?rest_route=%2Fwp%2Fv2%2Fmedia&parent=1062"}],"curies":[{"name":"wp","href":"https:\/\/api.w.org\/{rel}","templated":true}]}}